{"id":603,"date":"2011-05-16T16:00:24","date_gmt":"2011-05-16T19:00:24","guid":{"rendered":"http:\/\/www.rcub.com.br\/rcub\/?page_id=603"},"modified":"2011-05-26T12:05:44","modified_gmt":"2011-05-26T15:05:44","slug":"holodomor","status":"publish","type":"page","link":"https:\/\/www.rcub.com.br\/rcub\/ucrania\/holodomor\/","title":{"rendered":"Holodomor"},"content":{"rendered":"<div id=\"attachment_819\" style=\"width: 222px\" class=\"wp-caption alignleft\"><a rel=\"lightbox[slb_603]\" href=\"http:\/\/www.rcub.com.br\/rcub\/wp-content\/uploads\/2011\/05\/propaganda-fazendas-coletivas.jpg\"><img aria-describedby=\"caption-attachment-819\" loading=\"lazy\" class=\"size-full wp-image-819 \" title=\"propaganda fazendas coletivas\" src=\"http:\/\/www.rcub.com.br\/rcub\/wp-content\/uploads\/2011\/05\/propaganda-fazendas-coletivas.jpg\" alt=\"\" width=\"212\" height=\"287\" srcset=\"https:\/\/www.rcub.com.br\/rcub\/wp-content\/uploads\/2011\/05\/propaganda-fazendas-coletivas.jpg 442w, https:\/\/www.rcub.com.br\/rcub\/wp-content\/uploads\/2011\/05\/propaganda-fazendas-coletivas-221x300.jpg 221w\" sizes=\"(max-width: 212px) 100vw, 212px\" \/><\/a><p id=\"caption-attachment-819\" class=\"wp-caption-text\">Propagandas promoviam o regime de Fazendas Coletivas<\/p><\/div>\n<p>Na d\u00e9cada de 30, St\u00e1lin instalou uma nova pol\u00edtica em terrenos pertencentes a URSS, visando o aceleramento do desenvolvimento econ\u00f4mico e industrial sovi\u00e9tico. Essa nova fase consistia em obrigar os camponeses, atrav\u00e9s do uso de viol\u00eancia e amea\u00e7as de deporta\u00e7\u00e3o, \u00e0 doarem suas terras para o governo, criando um sistema de Fazendas Coletivas. Al\u00e9m disso, o campesinato devia cumprir cotas de contribui\u00e7\u00e3o com o Estado, que consistiam em abastecer gratuitamente o governo com artigos pecu\u00e1rios e agr\u00edcolas, para ent\u00e3o receberam comida. Esse regime ficou conhecido como Holodomor, ou Grande Fome.<\/p>\n<p>Ao todo, 2,8 milh\u00f5es de pessoas foram deportadas, principalmente para o Cazaquist\u00e3o e Sib\u00e9ria, com a desculpa de pertenceram a uma categoria de camponeses contr\u00e1rios ao poder sovi\u00e9tico e de ofereceram resist\u00eancia as requisi\u00e7\u00f5es efetuadas pelos organismos estatais. O objetivo da URSS era diminuir as influ\u00eancias contr\u00e1rias ao seu governo e povoar e explorar os recursos naturais de terras distantes, por\u00e9m, muitas v\u00edtimas da deporta\u00e7\u00e3o acabaram morrendo de fome e frio, abandonadas nessas \u00e1reas. Entre os anos de 1930 a 1933, foram desterrados cerca de 600 mil ucranianos. Cerca de 400 mil camponeses foram enviados para uma rede de trabalhos for\u00e7ados, e houve in\u00fameras revoltas e manifesta\u00e7\u00f5es, o que acarretou na senten\u00e7a de pena capital para 30 mil pessoas.<\/p>\n<p>Em 1931, o trabalho \u00e1rduo e a dificuldade em cumprir as cotas absurdas, fazem com que a fome seja a causa da morte de milhares de pessoas que viviam nas col\u00f4nias da Uni\u00e3o Sovi\u00e9tica. A Ucr\u00e2nia, assim como o C\u00e1ucaso do Norte e o territ\u00f3rio do rio Volga, ambas col\u00f4nias da URSS, foram especialmente atingidos, por oferecer maior resist\u00eancia \u00e0 pol\u00edtica de coletiviza\u00e7\u00e3o agr\u00edcola.<\/p>\n<p>O plano para a coleta de 1932 visava obter 29,5 milh\u00f5es, dos quais 7 milh\u00f5es deveriam sair da Ucr\u00e2nia. Isso gerou mais manifesta\u00e7\u00f5es dos produtores, que tentavam esconder parte da produ\u00e7\u00e3o para garantir a subsist\u00eancia, al\u00e9m de motivar a fuga de muitos trabalhadores e ter causado a recusa de funcion\u00e1rios locais respons\u00e1veis pela coleta dos cereais produzidos, que sabiam que o confisco condenaria a popula\u00e7\u00e3o \u00e0 fome. Visando o cumprimento da meta de coleta ucraniana, \u00e9 institu\u00edda a lei sobre o \u201croubo e dilapida\u00e7\u00e3o da propriedade social\u201d, que punia com 10 anos de trabalho for\u00e7ado ou pena de morte. Mesmo com as novas medidas adotadas, em outubro de 1932, apenas 39% da meta havia sido cumprida.<\/p>\n<div id=\"attachment_820\" style=\"width: 498px\" class=\"wp-caption aligncenter\"><a rel=\"lightbox[slb_603]\" href=\"http:\/\/www.rcub.com.br\/rcub\/wp-content\/uploads\/2011\/05\/ucranianos-na-fronteira.jpg\"><img aria-describedby=\"caption-attachment-820\" loading=\"lazy\" class=\"size-large wp-image-820\" title=\"ucranianos na fronteira\" src=\"http:\/\/www.rcub.com.br\/rcub\/wp-content\/uploads\/2011\/05\/ucranianos-na-fronteira-610x369.jpg\" alt=\"\" width=\"488\" height=\"295\" srcset=\"https:\/\/www.rcub.com.br\/rcub\/wp-content\/uploads\/2011\/05\/ucranianos-na-fronteira-610x369.jpg 610w, https:\/\/www.rcub.com.br\/rcub\/wp-content\/uploads\/2011\/05\/ucranianos-na-fronteira-300x181.jpg 300w, https:\/\/www.rcub.com.br\/rcub\/wp-content\/uploads\/2011\/05\/ucranianos-na-fronteira.jpg 800w\" sizes=\"(max-width: 488px) 100vw, 488px\" \/><\/a><p id=\"caption-attachment-820\" class=\"wp-caption-text\">Alguns ucranianos vencem as barreiras policiais, mas n\u00e3o resistem e acabam morrendo nas cidades<\/p><\/div>\n<p>Cansado da n\u00e3o obten\u00e7\u00e3o de resultados satisfat\u00f3rios em terreno ucraniano, Stalin decidiu fazer uso da fome, de forma genocid\u00e1ria, para acabar com o que ele acreditava ser uma resist\u00eancia nacionalista por parte dos ucranianos. Passa a ficar impedida a entrada de alimentos pela fronteira da Ucr\u00e2nia, bem como a sa\u00edda dos camponeses que procuravam comida na R\u00fassia, e fica proibido o com\u00e9rcio de batatas e carne. Multas s\u00e3o dadas a v\u00e1rias aldeias, que s\u00e3o obrigadas \u00e0 quit\u00e1-las com alimentos. Camponeses eram impedidos de sair do pa\u00eds, a venda de bilhetes ferrovi\u00e1rios foi suspensa e comboios policiais monitoravam esta\u00e7\u00f5es e estradas. Em dezembro de 1932, \u00e9 criado o passaporte interno, medida que excluiu os camponeses, obrigando-os \u00e0 ficarem presos \u00e0 suas terras.<\/p>\n<p>Para a URSS, o problema da Ucr\u00e2nia n\u00e3o residia apenas no campo, era preciso tamb\u00e9m acabar com a elite pol\u00edtica e cultural do pa\u00eds, que liderava as resist\u00eancias e impulsionava o ideal de nacionalidade ucraniana, logo procedeu \u00e0 elimina\u00e7\u00e3o das elites ucranianas, acusadas tamb\u00e9m de coniv\u00eancia com o campesinato.<\/p>\n<div id=\"attachment_821\" style=\"width: 237px\" class=\"wp-caption alignright\"><a rel=\"lightbox[slb_603]\" href=\"http:\/\/www.rcub.com.br\/rcub\/wp-content\/uploads\/2011\/05\/vitima-do-hodomor.jpg\"><img aria-describedby=\"caption-attachment-821\" loading=\"lazy\" class=\"size-full wp-image-821 \" title=\"vitima do hodomor\" src=\"http:\/\/www.rcub.com.br\/rcub\/wp-content\/uploads\/2011\/05\/vitima-do-hodomor.jpg\" alt=\"\" width=\"227\" height=\"354\" srcset=\"https:\/\/www.rcub.com.br\/rcub\/wp-content\/uploads\/2011\/05\/vitima-do-hodomor.jpg 325w, https:\/\/www.rcub.com.br\/rcub\/wp-content\/uploads\/2011\/05\/vitima-do-hodomor-192x300.jpg 192w\" sizes=\"(max-width: 227px) 100vw, 227px\" \/><\/a><p id=\"caption-attachment-821\" class=\"wp-caption-text\">V\u00edtima do Holodomor<\/p><\/div>\n<p>Esse processo dificultou a reconstitui\u00e7\u00e3o da Ucr\u00e2nia quando foi liberta do regime, visto que boa parte da popula\u00e7\u00e3o intelectual e politizada foi dizimada, sem contar os camponeses, o que agravou o ressurgimento da identidade nacional.<\/p>\n<p>Durante a ado\u00e7\u00e3o do regime de produ\u00e7\u00e3o agr\u00edcola coletiva na Ucr\u00e2nia, a taxa de mortalidade da popula\u00e7\u00e3o alcan\u00e7ou o assombroso n\u00famero de 367,7 por mil habitantes. At\u00e9 hoje n\u00e3o se sabe exatamente o n\u00famero de v\u00edtimas do Holodomor, mas acredita-se que seja algo em torno de cinco milh\u00f5es de mortos, entre camponeses mortos pela fome, perseguidos pol\u00edticos e v\u00edtimas de trabalho for\u00e7ado.<\/p>\n","protected":false},"excerpt":{"rendered":"<p>Na d\u00e9cada de 30, St\u00e1lin instalou uma nova pol\u00edtica em terrenos pertencentes a URSS, visando o aceleramento do desenvolvimento econ\u00f4mico e industrial sovi\u00e9tico. Essa nova fase consistia em obrigar os [&hellip;]<\/p>\n","protected":false},"author":1,"featured_media":0,"parent":570,"menu_order":0,"comment_status":"closed","ping_status":"open","template":"","meta":[],"_links":{"self":[{"href":"https:\/\/www.rcub.com.br\/rcub\/wp-json\/wp\/v2\/pages\/603"}],"collection":[{"href":"https:\/\/www.rcub.com.br\/rcub\/wp-json\/wp\/v2\/pages"}],"about":[{"href":"https:\/\/www.rcub.com.br\/rcub\/wp-json\/wp\/v2\/types\/page"}],"author":[{"embeddable":true,"href":"https:\/\/www.rcub.com.br\/rcub\/wp-json\/wp\/v2\/users\/1"}],"replies":[{"embeddable":true,"href":"https:\/\/www.rcub.com.br\/rcub\/wp-json\/wp\/v2\/comments?post=603"}],"version-history":[{"count":8,"href":"https:\/\/www.rcub.com.br\/rcub\/wp-json\/wp\/v2\/pages\/603\/revisions"}],"predecessor-version":[{"id":818,"href":"https:\/\/www.rcub.com.br\/rcub\/wp-json\/wp\/v2\/pages\/603\/revisions\/818"}],"up":[{"embeddable":true,"href":"https:\/\/www.rcub.com.br\/rcub\/wp-json\/wp\/v2\/pages\/570"}],"wp:attachment":[{"href":"https:\/\/www.rcub.com.br\/rcub\/wp-json\/wp\/v2\/media?parent=603"}],"curies":[{"name":"wp","href":"https:\/\/api.w.org\/{rel}","templated":true}]}}