{"id":1385,"date":"2011-07-25T11:32:35","date_gmt":"2011-07-25T14:32:35","guid":{"rendered":"http:\/\/www.rcub.com.br\/rcub\/?page_id=1385"},"modified":"2012-03-24T22:40:12","modified_gmt":"2012-03-25T01:40:12","slug":"radios","status":"publish","type":"page","link":"https:\/\/www.rcub.com.br\/rcub\/ucrania\/radios\/","title":{"rendered":"R\u00e1dios e TVs"},"content":{"rendered":"<p><strong>BRASIL:<\/strong><\/p>\n<p><a href=\"http:\/\/zabava.serverplace.com.br:7090\/listen.pls\">R\u00e1dio Zabava<\/a> ( Prudent\u00f3polis )<\/p>\n<p><a href=\"http:\/\/www.radiorozmova.com.br\/\">R\u00e1dio Rozmova<\/a> ( Uni\u00e3o de Vit\u00f3ria )<\/p>\n<p><a href=\"http:\/\/www.radioiguassu.com.br\/radio\/radio.htm\">R\u00e1dio Igua\u00e7u <\/a>&#8211; Todos os S\u00e1bados de 18:30 \u00e0s 19:30 horas &#8211; Programa de Marcio Balaban<br \/>\n&nbsp;<br \/>\n&nbsp;<br \/>\n<strong>UCR\u00c2NIA<\/strong><\/p>\n<p><a href=\"http:\/\/www.nrcu.gov.ua\/index.php?id=305\">National Radio Company of Ukraine<\/a><a rel=\"lightbox[slb_1385]\" href=\"http:\/\/www.rcub.com.br\/rcub\/wp-content\/uploads\/2011\/07\/Radio-Ukraine-International8.gif\"><img loading=\"lazy\" class=\"alignleft size-full wp-image-1542\" title=\"Radio Ukraine International\" src=\"http:\/\/www.rcub.com.br\/rcub\/wp-content\/uploads\/2011\/07\/Radio-Ukraine-International8.gif\" alt=\"\" width=\"164\" height=\"89\" \/><\/a><br \/>\n<a href=\"http:\/\/89.187.1.165\/NRCU4?WMContentBitrate=20000\">Programa 1  16Kbit\/sec<\/a><br \/>\n<a href=\" http:\/\/89.187.1.165\/NRCU4\">Programa 1 128Kbit\/sec<\/a><br \/>\n<a href=\"http:\/\/89.187.1.165\/NRCU1?WMContentBitrate=20000\">Programa 2  16Kbit\/sec<\/a><br \/>\n<a href=\"http:\/\/89.187.1.165\/NRCU1\">Programa 2 128Kbit\/sec<\/a><br \/>\n<a href=\" http:\/\/89.187.1.165\/NRCU2?WMContentBitrate=20000\">Programa 3  16Kbit\/sec<\/a><br \/>\n<a href=\" http:\/\/89.187.1.165\/NRCU2\">Programa 3 128Kbit\/sec<\/a><br \/>\n<a href=\"http:\/\/89.187.1.165\/NRCU3?WMContentBitrate=20000\">Programa 4  16Kbit\/sec<\/a><br \/>\n<a href=\"http:\/\/89.187.1.165\/NRCU3\">Programa 4 128Kbit\/sec<\/a><\/p>\n<p><a href=\"http:\/\/streema.com\/radios\/play\/7642\">Radio Era<\/a><\/p>\n<p><a href=\"http:\/\/radio.ukraudio.com:8000\/channel2\">Radio Rodene<\/a><br \/>\n<a href=\"http:\/\/streema.com\/radios\/play\/10471\">Lviv Wave Radio<\/a><\/p>\n<p><a href=\"http:\/\/streema.com\/radios\/play\/13656\">R\u00e1dio Cultura<\/a><\/p>\n<p><a href=\"http:\/\/streema.com\/radios\/country\/Ukraine?page=1\">101 R\u00e1dios da Ucr\u00e2nia<\/a><\/p>\n<h5><strong>TELEVIS\u00d5ES <\/strong><\/h5>\n<p>Na Ucr\u00e2nia o sistema de televis\u00f5es \u00e9 muito pr\u00f3ximo do Brasil. Com sistema privado e estatal. \u00c9 poss\u00edvel ter o acesso a programas de TV on line. Pelo portal <a href=\"http:\/\/intv.ua\/\">INTV<\/a> \u00e9 poss\u00edvel ter acesso a v\u00e1rios canais.  H\u00e1 canais que transmitem not\u00edcias<a href=\"http:\/\/24tv.ua\/home\/showOnline.do\"> 24 por 24 horas.<\/a><\/p>\n<p><a href=\"http:\/\/5.ua\/live2\">Canal 5<\/a>. (Windows Media Player)<br \/>\n<a href=\"http:\/\/1tv.com.ua\/uk\/live\">Primeiro Canal<\/a><br \/>\n<a href=\"http:\/\/www.1plus1.ua\/\">TV 1+1<\/a><\/p>\n","protected":false},"excerpt":{"rendered":"<p>BRASIL: R\u00e1dio Zabava ( Prudent\u00f3polis ) R\u00e1dio Rozmova ( Uni\u00e3o de Vit\u00f3ria ) R\u00e1dio Igua\u00e7u &#8211; Todos os S\u00e1bados de 18:30 \u00e0s 19:30 horas &#8211; Programa de Marcio Balaban &nbsp; [&hellip;]<\/p>\n","protected":false},"author":1,"featured_media":0,"parent":570,"menu_order":0,"comment_status":"closed","ping_status":"closed","template":"","meta":[],"_links":{"self":[{"href":"https:\/\/www.rcub.com.br\/rcub\/wp-json\/wp\/v2\/pages\/1385"}],"collection":[{"href":"https:\/\/www.rcub.com.br\/rcub\/wp-json\/wp\/v2\/pages"}],"about":[{"href":"https:\/\/www.rcub.com.br\/rcub\/wp-json\/wp\/v2\/types\/page"}],"author":[{"embeddable":true,"href":"https:\/\/www.rcub.com.br\/rcub\/wp-json\/wp\/v2\/users\/1"}],"replies":[{"embeddable":true,"href":"https:\/\/www.rcub.com.br\/rcub\/wp-json\/wp\/v2\/comments?post=1385"}],"version-history":[{"count":56,"href":"https:\/\/www.rcub.com.br\/rcub\/wp-json\/wp\/v2\/pages\/1385\/revisions"}],"predecessor-version":[{"id":1525,"href":"https:\/\/www.rcub.com.br\/rcub\/wp-json\/wp\/v2\/pages\/1385\/revisions\/1525"}],"up":[{"embeddable":true,"href":"https:\/\/www.rcub.com.br\/rcub\/wp-json\/wp\/v2\/pages\/570"}],"wp:attachment":[{"href":"https:\/\/www.rcub.com.br\/rcub\/wp-json\/wp\/v2\/media?parent=1385"}],"curies":[{"name":"wp","href":"https:\/\/api.w.org\/{rel}","templated":true}]}}