{"id":952,"date":"2011-05-27T14:18:58","date_gmt":"2011-05-27T17:18:58","guid":{"rendered":"http:\/\/www.rcub.com.br\/rcub\/?page_id=952"},"modified":"2011-05-27T14:18:58","modified_gmt":"2011-05-27T17:18:58","slug":"noel-nutels","status":"publish","type":"page","link":"http:\/\/www.rcub.com.br\/rcub\/cultura\/personalidades\/noel-nutels\/","title":{"rendered":"Noel Nutels"},"content":{"rendered":"<p><a rel=\"lightbox[slb_952]\" href=\"http:\/\/www.rcub.com.br\/rcub\/wp-content\/uploads\/2011\/05\/noel-nutels.jpg\"><img loading=\"lazy\" class=\"alignleft size-full wp-image-953\" title=\"noel nutels\" src=\"http:\/\/www.rcub.com.br\/rcub\/wp-content\/uploads\/2011\/05\/noel-nutels.jpg\" alt=\"\" width=\"246\" height=\"234\" srcset=\"http:\/\/www.rcub.com.br\/rcub\/wp-content\/uploads\/2011\/05\/noel-nutels.jpg 351w, http:\/\/www.rcub.com.br\/rcub\/wp-content\/uploads\/2011\/05\/noel-nutels-300x285.jpg 300w\" sizes=\"(max-width: 246px) 100vw, 246px\" \/><\/a>M\u00e9dico e sanitarista ucraniano nascido em Ananiev, Ucr\u00e2nia, que se dedicou de corpo e alma \u00e0 defesa das popula\u00e7\u00f5es ind\u00edgenas brasileiras e ao tratamento de suas doen\u00e7as adquiridas do homem branco. Filho do casal judeu Salom\u00e3o e Bertha Nutels, alguns meses antes do seu nascimento, seu pai viajou para a Am\u00e9rica do Sul, fixando-se no Brasil. Com o advento da Primeira Guerra Mundial, os familiares perderam o contato entre si, que s\u00f3 se restabeleceria depois da guerra (1920). No ano seguinte, a fam\u00edlia Nutels desembarcou no Recife, indo residir em Laje do Canhoto, pequena vila no interior de Alagoas,. L\u00e1 iniciou seus estudos b\u00e1sicos, donde se transferiu para um col\u00e9gio cat\u00f3lico em Garanhuns, formou-se pela Faculdade de Medicina do Recife (1936). No ano seguinte, foi para o Rio de Janeiro com a m\u00e3e, j\u00e1 que o pai havia falecido, e naturalizou-se brasileiro. Casou (1940) com uma prima, Elisa, e foi c.ontratado pelo Instituto Experimental de Agricultura de Botucatu, SP (1941). Participou como m\u00e9dico da primeira expedi\u00e7\u00e3o ao Roncador-Xingu, na Amaz\u00f4nia (1943-1951). Desde este primeiro contato com os \u00edndios, encontrou sua voca\u00e7\u00e3o. Foi m\u00e9dico do Servi\u00e7o de Prote\u00e7\u00e3o ao \u00cdndio (1951, 1963-1964) e do Servi\u00e7o Nacional de Tuberculose (1952). Criou e dirigiu o Servi\u00e7o de Unidades Sanit\u00e1rias A\u00e9reas (1956), que permitiu aos \u00edndios da selva amaz\u00f4nica ter acesso aos servi\u00e7os de sa\u00fade p\u00fablica. Nomeado (1968) membro do conselho diretor da Funda\u00e7\u00e3o Nacional do \u00cdndio, a Funai, e do conselho diretor da Funda\u00e7\u00e3o Brasil-Central, passou tamb\u00e9m a ser conselheiro cient\u00edfico da Funda\u00e7\u00e3o Universidade Federal do Mato Grosso (1972) e, infelizmente, morreu no ano seguinte. Coordenou v\u00e1rios cursos e semin\u00e1rios sobre sua especialidade no SNT e na Universidade de Bras\u00edlia, al\u00e9m de pronunciar numerosas confer\u00eancias em universidades nacionais e estrangeiras. Publicou cerca de cinq\u00fcenta trabalhos cient\u00edficos, no Brasil e no exterior, na Revista do Servi\u00e7o Nacional de Tuberculose, do Rio de Janeiro, Revista Paulista de Doen\u00e7as Tropicais, de S\u00e3o Paulo, Tubercle, de Londres e Pan American Health Organization, da Organiza\u00e7\u00e3o Pan-Americana de Sa\u00fade, nos Estados Unidos. Por trinta anos atuando em \u00e1reas ind\u00edgenas, criou e desenvolveu um trabalho de atendimento m\u00e9dico \u00e0s popula\u00e7\u00f5es ind\u00edgenas e interioranas no Brasil \u2013 o SUSA, Servi\u00e7o de Unidades Sanit\u00e1rias A\u00e9reas (1956-1973), participou com Darcy Ribeiro e os irm\u00e3os Villas Boas do grupo que veio a criar o primeiro parque ind\u00edgena: o Parque Nacional do Xingu. Nesse per\u00edodo, filmou, com sua c\u00e2mera 16mm, um total de 34 filmes, em preto e branco e em cores, com aproximadamente cinco horas de dura\u00e7\u00e3o. Morreu em um hospital da cidade do Rio de Janeiro.<\/p>\n","protected":false},"excerpt":{"rendered":"<p>M\u00e9dico e sanitarista ucraniano nascido em Ananiev, Ucr\u00e2nia, que se dedicou de corpo e alma \u00e0 defesa das popula\u00e7\u00f5es ind\u00edgenas brasileiras e ao tratamento de suas doen\u00e7as adquiridas do homem [&hellip;]<\/p>\n","protected":false},"author":1,"featured_media":0,"parent":623,"menu_order":0,"comment_status":"open","ping_status":"open","template":"","meta":[],"_links":{"self":[{"href":"http:\/\/www.rcub.com.br\/rcub\/wp-json\/wp\/v2\/pages\/952"}],"collection":[{"href":"http:\/\/www.rcub.com.br\/rcub\/wp-json\/wp\/v2\/pages"}],"about":[{"href":"http:\/\/www.rcub.com.br\/rcub\/wp-json\/wp\/v2\/types\/page"}],"author":[{"embeddable":true,"href":"http:\/\/www.rcub.com.br\/rcub\/wp-json\/wp\/v2\/users\/1"}],"replies":[{"embeddable":true,"href":"http:\/\/www.rcub.com.br\/rcub\/wp-json\/wp\/v2\/comments?post=952"}],"version-history":[{"count":2,"href":"http:\/\/www.rcub.com.br\/rcub\/wp-json\/wp\/v2\/pages\/952\/revisions"}],"predecessor-version":[{"id":957,"href":"http:\/\/www.rcub.com.br\/rcub\/wp-json\/wp\/v2\/pages\/952\/revisions\/957"}],"up":[{"embeddable":true,"href":"http:\/\/www.rcub.com.br\/rcub\/wp-json\/wp\/v2\/pages\/623"}],"wp:attachment":[{"href":"http:\/\/www.rcub.com.br\/rcub\/wp-json\/wp\/v2\/media?parent=952"}],"curies":[{"name":"wp","href":"https:\/\/api.w.org\/{rel}","templated":true}]}}