{"id":933,"date":"2011-05-27T13:04:56","date_gmt":"2011-05-27T16:04:56","guid":{"rendered":"http:\/\/www.rcub.com.br\/rcub\/?page_id=933"},"modified":"2011-05-27T13:04:56","modified_gmt":"2011-05-27T16:04:56","slug":"hector-babenco","status":"publish","type":"page","link":"http:\/\/www.rcub.com.br\/rcub\/cultura\/personalidades\/hector-babenco\/","title":{"rendered":"Hector Babenco"},"content":{"rendered":"<p><a rel=\"lightbox[slb_933]\" href=\"http:\/\/www.rcub.com.br\/rcub\/wp-content\/uploads\/2011\/05\/hector-babenco.jpg\"><img loading=\"lazy\" class=\"alignleft size-full wp-image-934\" title=\"hector babenco\" src=\"http:\/\/www.rcub.com.br\/rcub\/wp-content\/uploads\/2011\/05\/hector-babenco.jpg\" alt=\"\" width=\"211\" height=\"280\" srcset=\"http:\/\/www.rcub.com.br\/rcub\/wp-content\/uploads\/2011\/05\/hector-babenco.jpg 301w, http:\/\/www.rcub.com.br\/rcub\/wp-content\/uploads\/2011\/05\/hector-babenco-225x300.jpg 225w\" sizes=\"(max-width: 211px) 100vw, 211px\" \/><\/a>Cineasta brasileiro de origem argentina (7\/2\/1948-). Autor de filmes que valorizam o ser humano, recebe v\u00e1rios pr\u00eamios internacionais. Filho de comerciantes judeus vindos da Pol\u00f4nia e da Federa\u00e7\u00e3o Russa, nasce em Buenos Aires, onde passa parte da inf\u00e2ncia.<\/p>\n<p>Aos 8 anos, muda-se com a fam\u00edlia para Mar del Plata e, aos 18, deixa a Argentina por se recusar a servir no Ex\u00e9rcito. Vive durante cinco anos entre a Espanha, a Fran\u00e7a e a It\u00e1lia, trabalhando como lavador de pratos, pintor de paredes e figurante.<\/p>\n<p>Proibido de voltar a seu pa\u00eds, muda-se para S\u00e3o Paulo, em 1969. Faz o primeiro filme, O Rei da Noite, em 1975. Seu segundo trabalho, L\u00facio Fl\u00e1vio-Passageiro da Agonia, \u00e9 recordista de bilheteria no Brasil em 1977. Em 1981 dirige Pixote &#8211; A Lei do Mais Fraco, considerado o melhor filme estrangeiro do ano pela Associa\u00e7\u00e3o dos Cr\u00edticos de Los Angeles e de Nova York, e terceiro melhor filme estrangeiro da d\u00e9cada pela Associa\u00e7\u00e3o Nacional de Cr\u00edticos de Cinema dos Estados Unidos, depois de Ran (Akira Kurosawa) e Fanny &amp; Alexander (Ingmar Bergman).<\/p>\n<p>Em 1985 roda em ingl\u00eas O Beijo da Mulher Aranha, que recebe quatro indica\u00e7\u00f5es para o Oscar, inclusive a de melhor filme, e d\u00e1 a William Hurt o Oscar e a Palma de Ouro do Festival de Cannes de melhor ator. Em 1987 realiza Ironweed, indicado para o Oscar de 1988 nas categorias melhor ator (com Jack Nicholson) e melhor atriz (com Meryl Streep).<\/p>\n<p>Sua obra seguinte \u00e9 Brincando nos Campos do Senhor. Em 1997, dois anos ap\u00f3s sofrer um transplante de medula para combater um c\u00e2ncer no sistema linf\u00e1tico, produz o autobiogr\u00e1fico Cora\u00e7\u00e3o Iluminado. Vive atualmente em S\u00e3o Paulo.<\/p>\n<p>&nbsp;<\/p>\n<p>Fonte: www.algosobre.com.br<\/p>\n","protected":false},"excerpt":{"rendered":"<p>Cineasta brasileiro de origem argentina (7\/2\/1948-). Autor de filmes que valorizam o ser humano, recebe v\u00e1rios pr\u00eamios internacionais. Filho de comerciantes judeus vindos da Pol\u00f4nia e da Federa\u00e7\u00e3o Russa, nasce [&hellip;]<\/p>\n","protected":false},"author":1,"featured_media":0,"parent":623,"menu_order":0,"comment_status":"open","ping_status":"open","template":"","meta":[],"_links":{"self":[{"href":"http:\/\/www.rcub.com.br\/rcub\/wp-json\/wp\/v2\/pages\/933"}],"collection":[{"href":"http:\/\/www.rcub.com.br\/rcub\/wp-json\/wp\/v2\/pages"}],"about":[{"href":"http:\/\/www.rcub.com.br\/rcub\/wp-json\/wp\/v2\/types\/page"}],"author":[{"embeddable":true,"href":"http:\/\/www.rcub.com.br\/rcub\/wp-json\/wp\/v2\/users\/1"}],"replies":[{"embeddable":true,"href":"http:\/\/www.rcub.com.br\/rcub\/wp-json\/wp\/v2\/comments?post=933"}],"version-history":[{"count":2,"href":"http:\/\/www.rcub.com.br\/rcub\/wp-json\/wp\/v2\/pages\/933\/revisions"}],"predecessor-version":[{"id":936,"href":"http:\/\/www.rcub.com.br\/rcub\/wp-json\/wp\/v2\/pages\/933\/revisions\/936"}],"up":[{"embeddable":true,"href":"http:\/\/www.rcub.com.br\/rcub\/wp-json\/wp\/v2\/pages\/623"}],"wp:attachment":[{"href":"http:\/\/www.rcub.com.br\/rcub\/wp-json\/wp\/v2\/media?parent=933"}],"curies":[{"name":"wp","href":"https:\/\/api.w.org\/{rel}","templated":true}]}}