{"id":641,"date":"2011-05-16T16:08:45","date_gmt":"2011-05-16T19:08:45","guid":{"rendered":"http:\/\/www.rcub.com.br\/rcub\/?page_id=641"},"modified":"2011-08-04T23:44:57","modified_gmt":"2011-08-05T02:44:57","slug":"compre","status":"publish","type":"page","link":"http:\/\/www.rcub.com.br\/rcub\/classificados\/compre\/","title":{"rendered":"Compre"},"content":{"rendered":"<h3>Peroh\u00ea<\/h3>\n<p><strong>Telefone:<\/strong> (041) 3329-3036<\/p>\n<h3>Pepino Azedo<\/h3>\n<p>Pepino Azedo na salmoura e folha de parreira.<\/p>\n<p><strong>Telefone:<\/strong> (41) 3336-0576<br \/>\n<strong>Endere\u00e7o:<\/strong> <a href=\"http:\/\/maps.google.com\/maps?q=Rua+Marechal+Jos%C3%A9+Bernardino+Bormann,+1138,+Curitiba+-+Paran%C3%A1,+Brasil&amp;hl=pt-BR&amp;ie=UTF8&amp;sll=-25.436101,-49.298584&amp;sspn=0.014591,0.019011&amp;t=h&amp;z=17\" target=\"_blank\">Rua Marechal Jos\u00e9 Bernardido Bormann, 1138 &#8211; Curitiba &#8211; PR <\/a><\/p>\n<h3>Broilo Aquecimento<\/h3>\n<p>A Broilo possui equipe qualificada em projetar, desenvolver e importar equipamentos com o melhor desempenho no uso de energia, garantindo efici\u00eancia e economia para os sistemas.<\/p>\n<p><strong>Telefone:<\/strong> (54) 3286-8323<br \/>\n<strong>Detalhes:<\/strong> <a href=\"http:\/\/www.broilo.com.br\/\" target=\"_blank\">broilo.com.br<\/a><\/p>\n<h3>Machula Presentes e Artesanato<\/h3>\n<p>A arte da Ucr\u00e2nia voc\u00ea encontra aqui. Venha conhecer o artesanato ucraniano, com suas p\u00eassankas, pinturas, \u00edcones, bordados, colares, entalhes em madeira, livros, CDs, etc.<\/p>\n<p><strong>Telefone:<\/strong> (42) 3446-2133<br \/>\n<strong>Endere\u00e7o:<\/strong> <a href=\"http:\/\/maps.google.com\/maps?q=Rua+S%C3%A3o+Josafat,+535,+Prudent%C3%B3polis+-+Paran%C3%A1,+Brasil&amp;hl=pt-BR&amp;ie=UTF8&amp;sll=37.0625,-95.677068&amp;sspn=51.887315,77.871094&amp;t=h&amp;z=17\" target=\"_blank\">Rua S\u00e3o Josafat, 535, Prudent\u00f3polis &#8211; PR<\/a><\/p>\n<p><strong>FACAS ARTESANAIS LTDA <a href=\"http:\/\/www.zakharov.com.brZAKHAROV\"><span style=\"color: #000000;\">ZAKHAROV<\/span><\/a> <\/strong><\/p>\n<p><strong><a href=\"http:\/\/www.zakharov.com.brZAKHAROV\">www.zakharov.com.br<\/a><\/strong><\/p>\n<p><span style=\"text-decoration: underline;\">Rodovia MG 295 &#8211; km 40 &#8211; B\u00ba dos Carneiros<\/span><br \/>\n<span style=\"text-decoration: underline;\">Caixa Postal 95 &#8211; Parais\u00f3polis &#8211; MG<\/span><br \/>\n<span style=\"text-decoration: underline;\">Cep 37.660-000<\/span><br \/>\n<span style=\"text-decoration: underline;\">Tel.\/Fax: (035) 3651-2662<\/span><\/p>\n<p>&nbsp;<\/p>\n","protected":false},"excerpt":{"rendered":"<p>Peroh\u00ea Telefone: (041) 3329-3036 Pepino Azedo Pepino Azedo na salmoura e folha de parreira. Telefone: (41) 3336-0576 Endere\u00e7o: Rua Marechal Jos\u00e9 Bernardido Bormann, 1138 &#8211; Curitiba &#8211; PR Broilo Aquecimento [&hellip;]<\/p>\n","protected":false},"author":1,"featured_media":0,"parent":578,"menu_order":0,"comment_status":"closed","ping_status":"open","template":"","meta":[],"_links":{"self":[{"href":"http:\/\/www.rcub.com.br\/rcub\/wp-json\/wp\/v2\/pages\/641"}],"collection":[{"href":"http:\/\/www.rcub.com.br\/rcub\/wp-json\/wp\/v2\/pages"}],"about":[{"href":"http:\/\/www.rcub.com.br\/rcub\/wp-json\/wp\/v2\/types\/page"}],"author":[{"embeddable":true,"href":"http:\/\/www.rcub.com.br\/rcub\/wp-json\/wp\/v2\/users\/1"}],"replies":[{"embeddable":true,"href":"http:\/\/www.rcub.com.br\/rcub\/wp-json\/wp\/v2\/comments?post=641"}],"version-history":[{"count":17,"href":"http:\/\/www.rcub.com.br\/rcub\/wp-json\/wp\/v2\/pages\/641\/revisions"}],"predecessor-version":[{"id":1088,"href":"http:\/\/www.rcub.com.br\/rcub\/wp-json\/wp\/v2\/pages\/641\/revisions\/1088"}],"up":[{"embeddable":true,"href":"http:\/\/www.rcub.com.br\/rcub\/wp-json\/wp\/v2\/pages\/578"}],"wp:attachment":[{"href":"http:\/\/www.rcub.com.br\/rcub\/wp-json\/wp\/v2\/media?parent=641"}],"curies":[{"name":"wp","href":"https:\/\/api.w.org\/{rel}","templated":true}]}}