{"id":639,"date":"2011-05-16T16:08:31","date_gmt":"2011-05-16T19:08:31","guid":{"rendered":"http:\/\/www.rcub.com.br\/rcub\/?page_id=639"},"modified":"2012-08-03T09:51:06","modified_gmt":"2012-08-03T12:51:06","slug":"contrate","status":"publish","type":"page","link":"http:\/\/www.rcub.com.br\/rcub\/classificados\/contrate\/","title":{"rendered":"Contrate"},"content":{"rendered":"<h3>Dnipr\u00f3 Gold &#8211; Tour Operator<\/h3>\n<p>A Ucr\u00e2nia \u00e9 hoje, com certeza, um dos destinos tur\u00edsticos mais atrativos do Leste Europeu. O pa\u00eds, que \u00e9 um dos maiores pa\u00edses da Europa, j\u00e1 conta com uma completa infra-estrutura de hot\u00e9is, transporte, gastronomia, servi\u00e7os tur\u00edsticos, enfim, est\u00e1 pronta para bem receber os seus visitantes. Seja em viagens de lazer ou \u00e0 neg\u00f3cios, a Ucr\u00e2nia se apresenta como um roteiro diferenciado dentro da Europa.<\/p>\n<p><strong>Telefone:<\/strong> (41) 9974-3660 S\u00e9rgio \/ (41) 9995-4764 Edson<br \/>\n<strong>Email:<\/strong> <a href=\"mailto:dnipro@onda.com.br\">dnipro@onda.com.br<\/a><br \/>\n<strong>Detalhes:<\/strong> <a href=\"http:\/\/www.ucraniaturismo.com.br\/site_novo\/index.php\" target=\"_blank\">ucraniaturismo.com.br<\/a><\/p>\n<h3>Est\u00e9tica &#8211; Artes Gr\u00e1ficas<\/h3>\n<p>A Est\u00e9tica Gr\u00e1phica, cuja raz\u00e3o social \u00e9 Est\u00e9tica Artes Gr\u00e1ficas Ltda., iniciou as suas atividades no ano de 1980, resultado da aquisi\u00e7\u00e3o de uma pequena tipografia falida. Desde o in\u00edcio dedicou-se \u00e0 execu\u00e7\u00e3o de impressos comerciais, editoriais e embalagens &#8211; cartelas (simples, Skin, Blister), r\u00f3tulos e caixinhas. J\u00e1 em 1981 aderiu ao processo Offset &#8211; mais econ\u00f4mico (a partir de 500 tiragens), al\u00e9m da melhor resolu\u00e7\u00e3o na imagem &#8211; adquirindo um equipamento semi-industrial (formato 250 x 360 mm).<\/p>\n<p><strong>Telefone:<\/strong> (41) 3346-2125<br \/>\n<strong>Email:<\/strong> <a href=\"estetica@esteticagraphica.com.br\">estetica@esteticagraphica.com.br<\/a><br \/>\n<strong>Detalhes:<\/strong> <a href=\"http:\/\/www.esteticagraphica.com.br\/\" target=\"_blank\">esteticagraphica.com.br<\/a><\/p>\n<h3>Grupo Saviski<\/h3>\n<h4>Saviski Estruturas Met\u00e1licas e Pr\u00e9 Moldados<\/h4>\n<p>\u00c9 uma empresa de grande porte na regi\u00e3o com obras nos estados do Paran\u00e1, Santa Catarina, S\u00e3o Paulo e Mato Grosso do Sul. Tradi\u00e7\u00e3o h\u00e1 mais de 35 anos em estruturas met\u00e1licas.<\/p>\n<p><strong>Telefone:<\/strong> (42) 3446 2100<br \/>\n<strong>Email:<\/strong> <a href=\"saviski@saviski.com.br\">saviski@saviski.com.br<\/a><br \/>\n<strong>Detalhes:<\/strong> <a href=\"http:\/\/www.esteticagraphica.com.br\/\" target=\"_blank\">esteticagraphica.com.br<\/a><\/p>\n<h4>Saviski Supermercados<\/h4>\n<p>Hoje o Supermercado Saviski \u00e9 um dos maiores da regi\u00e3o, gerando mais de 80 empregos, onde al\u00e9m de melhores pre\u00e7os, melhores promo\u00e7\u00f5es e com uma maior variedade de produtos, voc\u00ea poder\u00e1 fazer suas compras com comodidade e praticidade, em um ambiente agrad\u00e1vel.<\/p>\n<p><strong>Telefone:<\/strong> (42) 3446-2508<br \/>\n<strong>Email:<\/strong> <a href=\"supermercado@saviski.com.br\">supermercado@saviski.com.br<\/a><br \/>\n<strong>Detalhes:<\/strong> <a href=\"http:\/\/www.saviski.com.br\/premoldados\/\" target=\"_blank\">saviski.com.br<\/a><\/p>\n<h4><strong>Mayn\u00e1 Palace Hotel<\/strong><\/h4>\n<p><strong>Site:<\/strong> <a rel=\"nofollow\" href=\"http:\/\/www.hotelmayna.com.br \" target=\"_blank\">www.hotelmayna.com.br <\/a><\/p>\n<p>Rua Dr. Os\u00f3rio Guimar\u00e3es 935<br \/>\n(centro) \u00a084400-000 &#8211; Prudent\u00f3polis \u2013 PR<br \/>\nTel: 42-3446-2091<\/p>\n<p>Fax:42-3446-2091<\/p>\n<p>&nbsp;<\/p>\n<p>Gr\u00e1fica Prudent\u00f3polis <a href=\"http:\/\/www.graficaprudentopolis.com.br\/index.html\">Clique Aqui<\/a>.<\/p>\n<p>Fundada pela Associa\u00e7\u00e3o de S\u00e3o Bas\u00edlio Magno em 1911,  a gr\u00e1fica inicialmente  conhecida como Tipografia, foi criada para atender \u00e0 trabalhos internos da  Associa\u00e7\u00e3o e da comunidade local, imprimindo tamb\u00e9m os Jornais Missionar e  Pracia em l\u00edngua ucraniana, uns dos mais antigos do pais com vincul\u00e7\u00e3o  internacional para a comunidade ucraniana.Em 1952, para atender as necessidades  da cidade de Prudent\u00f3polis e dos munic\u00edpios vizinhos, a &#8220;Tipografia&#8221; iniciou  atendimento externo, mudando para o nome de &#8221; Gr\u00e1fica Prudent\u00f3polis&#8221;. E  novamente estamos renovando levando agora aos quatro cantos do mundo o nossos  Jornais Missionar e Pracia&#8221;, para a comunidade ucraniana atrav\u00e9s do nosso site.<\/p>\n<p>&nbsp;<\/p>\n<p><strong>EJH CONTABILIDADE<\/strong><\/p>\n<p>Edson Jorge Hurmus \u2013 CRC\/PR 060985\/O-4Fone (41) 9956-2564 e 3205-7014 \u2013 e-mail: ejhurmus@gmail.comPaulo Roberto M. dos Santos Filho CRC\/PR 062364\/O-5Fone (41) 9631-2074 \u2013 e-mail: paulof.ejh@gmail.com<\/p>\n<p>&nbsp;<\/p>\n","protected":false},"excerpt":{"rendered":"<p>Dnipr\u00f3 Gold &#8211; Tour Operator A Ucr\u00e2nia \u00e9 hoje, com certeza, um dos destinos tur\u00edsticos mais atrativos do Leste Europeu. O pa\u00eds, que \u00e9 um dos maiores pa\u00edses da Europa, [&hellip;]<\/p>\n","protected":false},"author":1,"featured_media":0,"parent":578,"menu_order":0,"comment_status":"closed","ping_status":"open","template":"","meta":[],"_links":{"self":[{"href":"http:\/\/www.rcub.com.br\/rcub\/wp-json\/wp\/v2\/pages\/639"}],"collection":[{"href":"http:\/\/www.rcub.com.br\/rcub\/wp-json\/wp\/v2\/pages"}],"about":[{"href":"http:\/\/www.rcub.com.br\/rcub\/wp-json\/wp\/v2\/types\/page"}],"author":[{"embeddable":true,"href":"http:\/\/www.rcub.com.br\/rcub\/wp-json\/wp\/v2\/users\/1"}],"replies":[{"embeddable":true,"href":"http:\/\/www.rcub.com.br\/rcub\/wp-json\/wp\/v2\/comments?post=639"}],"version-history":[{"count":22,"href":"http:\/\/www.rcub.com.br\/rcub\/wp-json\/wp\/v2\/pages\/639\/revisions"}],"predecessor-version":[{"id":1091,"href":"http:\/\/www.rcub.com.br\/rcub\/wp-json\/wp\/v2\/pages\/639\/revisions\/1091"}],"up":[{"embeddable":true,"href":"http:\/\/www.rcub.com.br\/rcub\/wp-json\/wp\/v2\/pages\/578"}],"wp:attachment":[{"href":"http:\/\/www.rcub.com.br\/rcub\/wp-json\/wp\/v2\/media?parent=639"}],"curies":[{"name":"wp","href":"https:\/\/api.w.org\/{rel}","templated":true}]}}