{"id":633,"date":"2011-05-16T16:07:30","date_gmt":"2011-05-16T19:07:30","guid":{"rendered":"http:\/\/www.rcub.com.br\/rcub\/?page_id=633"},"modified":"2021-01-23T16:39:58","modified_gmt":"2021-01-23T19:39:58","slug":"embaixadas-e-consulados","status":"publish","type":"page","link":"http:\/\/www.rcub.com.br\/rcub\/servicos\/embaixadas-e-consulados\/","title":{"rendered":"Embaixadas e Consulados"},"content":{"rendered":"<h2>Embaixada da Brasil na Ucr\u00e2nia<\/h2>\n<p><strong>Kyiv<\/strong><br \/>\nEmbaixador: Norton de Andrade de Mello Rapesta<br \/>\nEndere\u00e7o: Andriivskyi Uzviz, 7-A, Podil, CEP 04070, Kyiv, Ukraine.<\/p>\n<p>Public Transport &#8211; Metro Kontraktova Plosha<\/p>\n<p><strong>Contacts of the Embassy of Brazil in Kyiv<\/strong><\/p>\n<table border=\"1\" cellspacing=\"1\" cellpadding=\"1\" align=\"center\">\n<tbody>\n<tr>\n<td><strong>Sections<\/strong><\/td>\n<td><strong>Phone<\/strong><\/td>\n<td><strong>E-mail<\/strong><\/td>\n<\/tr>\n<tr>\n<td><strong>Embassy (main)<\/strong><\/td>\n<td>(044)339.9861<\/td>\n<td>brasemb.kiev@itamaraty.gov.br<\/td>\n<\/tr>\n<tr>\n<td><strong>Fax<\/strong><\/td>\n<td>(044)425.9540<\/td>\n<td>&#8211;<\/td>\n<\/tr>\n<tr>\n<td><strong>Consular<\/strong><\/td>\n<td>(044)339.9862<\/td>\n<td>consular.kiev@itamaraty.gov.br<\/td>\n<\/tr>\n<tr>\n<td><strong>Economic, Comercial Promotion and Cooperation<\/strong><\/td>\n<td>(044)339.9863<\/td>\n<td>secom.kiev@itamaraty.gov.br<\/td>\n<\/tr>\n<tr>\n<td><strong>Cultural<\/strong><\/td>\n<td>(044)339.9864<\/td>\n<td>cultural.kiev@itamaraty.gov.br<\/td>\n<\/tr>\n<tr>\n<td><strong>Administration<\/strong><\/td>\n<td>(044)339.9865<\/td>\n<td>administ.kiev@itamaraty.gov.br<\/td>\n<\/tr>\n<tr>\n<td><strong>Ambassador&#8217;s Office<\/strong><\/td>\n<td>(044)303.9287<\/td>\n<td>ambassador.kiev@itamaraty.gov.br<\/td>\n<\/tr>\n<\/tbody>\n<\/table>\n<p>&nbsp;<\/p>\n<p><strong><span style=\"font-size: 1.5em;\">Embaixada da Ucr\u00e2nia no Brasil<\/span><\/strong><\/p>\n<p>Embaixador: Sr.Rostyslav Tronenko<br \/>\nEndere\u00e7o: SHIS, QI \u2013 05, Conjunto 04, Casa 02 &#8211; Bras\u00edlia | CEP: 71615-040<\/p>\n<div>\n<p>Telefone:\u00a0\u00a0<a href=\"tel:+55-61-33-65-14-57\">+55-61-33-65-14-57<\/a><\/p>\n<\/div>\n<div>\n<div>\n<p>Fax :\u00a0<a href=\"tel:+55-61-33-65-21-27\">+55-61-33-65-21-27<\/a><\/p>\n<\/div>\n<\/div>\n<div>\n<div>\n<p>E-mail:\u00a0<a href=\"mailto:emb_br@mfa.gov.ua\">emb_br@mfa.gov.ua<\/a><\/p>\n<\/div>\n<\/div>\n<h2>Consulados da Ucr\u00e2nia no Brasil<\/h2>\n<div>\n<div>Setor Consular da Embaixada da Ucr\u00e2nia no Brasil<\/div>\n<table>\n<tbody>\n<tr>\n<td><strong>Endere\u00e7o:<\/strong><\/td>\n<td>SHIS, Q\u0406-05, Conjunto-04, Casa-02, LAGO SUL CEP 71615-040 Bras\u00edlia-DF, BRASIL.\u00a0<a href=\"http:\/\/brazil.old.mfa.gov.ua\/pt\/org\/open-org-map\/id\/11\/mode\/div\">Ver no mapa<\/a><\/td>\n<\/tr>\n<tr>\n<td width=\"120\"><strong>Telefone:<\/strong><\/td>\n<td>(00 5561) 3365 1457<\/td>\n<\/tr>\n<tr>\n<td width=\"120\"><strong>Fax:<\/strong><\/td>\n<td>(00 5561) 33652127<\/td>\n<\/tr>\n<tr>\n<td><strong>E-mail:<\/strong><\/td>\n<td>consul_br@mfa.gov.ua<\/td>\n<\/tr>\n<tr>\n<td><strong>Site:<\/strong><\/td>\n<td><a href=\"http:\/\/brazil.mfa.gov.ua\/\" target=\"_blank\">http:\/\/brazil.mfa.gov.ua\/<\/a><\/td>\n<td><\/td>\n<\/tr>\n<tr>\n<td><strong>Shedule:<\/strong><\/td>\n<td>Hor\u00e1rio de expediente do Setor Consular:&nbsp;<\/p>\n<p>Segunda, Quarta a Sexta: das 09h00 \u00e0s 13h00<\/p>\n<p>Nos casos de emerg\u00eancia com os cidad\u00e3os da Ucr\u00e2nia o atendimento tamb\u00e9m pode ser realizado fora do hor\u00e1rio indicado<\/td>\n<\/tr>\n<tr>\n<td><strong>BOUNDARY:<\/strong><\/td>\n<td>Estados: Acre, Alagoas, Amap\u00e1, Amazonas, Bahia, Cear\u00e1, Goi\u00e1s, Maranh\u00e3o, Mato Grosso, Mato Grosso do Sul, Para\u00edba, Pernambuco, Rio Grande do Norte, Para, Piau\u00ed, Rond\u00f4nia, Roraima, Sergipe, Tocantins, Distrito Federal.&nbsp;<\/p>\n<p>Ademais pa\u00edses \u2013 Bol\u00edvia, Suriname, Guiana.<\/td>\n<\/tr>\n<tr>\n<td><strong>Notas:<\/strong><\/td>\n<td>Linha telef\u00f4nica de emerg\u00eancia 24 horas &#8211; (061) \u00a098363 0222 &#8211;\u00a0exclusivamente para liga\u00e7\u00f5es referentes aos casos emergenciais de cidad\u00e3os ucranianos no territ\u00f3rio do Brasil, tais como \u00f3bito, ferimento, interna\u00e7\u00e3o numa entidade hospitalar, roubo de documentos, deten\u00e7\u00e3o etc.<\/td>\n<\/tr>\n<\/tbody>\n<\/table>\n<\/div>\n<hr \/>\n<div>\n<div>Consulado da Ucr\u00e2nia em S\u00e3o Paulo<\/div>\n<table>\n<tbody>\n<tr>\n<td width=\"120\"><strong>Chefe:<\/strong><\/td>\n<td><em>Kuznietsova Viktoriia<\/em><br \/>\nC\u00f4nsul da Ucr\u00e2nia em S\u00e3o-Paulo<\/td>\n<\/tr>\n<tr>\n<td><strong>Endere\u00e7o:<\/strong><\/td>\n<td>Alameda dos Jurupis, 1005, cj. 81-82, 8\u00b0 andar, Moema, S\u00e3o Paulo \u2013 SP,\u00a0CEP: 04088-003.\u00a0<a href=\"http:\/\/brazil.old.mfa.gov.ua\/pt\/org\/open-org-map\/id\/99\/mode\/org\">Ver no mapa<\/a><\/td>\n<\/tr>\n<tr>\n<td width=\"120\"><strong>Telefone:<\/strong><\/td>\n<td>(00 5511) 43719450\/52, (00 5511) 959578289 &#8211; em caso de amea\u00e7a \u00e0 vida ou morte de cidad\u00e3os ucranianos<\/td>\n<\/tr>\n<tr>\n<td><strong>E-mail:<\/strong><\/td>\n<td>gc_brsp@mfa.gov.ua (consuluasp@gmail.com)<\/td>\n<\/tr>\n<tr>\n<td><strong>Site:<\/strong><\/td>\n<td><a href=\"https:\/\/sao-paulo.old.mfa.gov.ua\/\" target=\"_blank\">https:\/\/sao-paulo.old.mfa.gov.ua<\/a><\/td>\n<td><\/td>\n<\/tr>\n<tr>\n<td><strong>Shedule:<\/strong><\/td>\n<td><strong>!! Aten\u00e7\u00e3o \u00e0s informa\u00e7\u00f5es sobre agendamento !!<\/strong>&nbsp;<\/p>\n<ul>\n<li>Atendimento para os servi\u00e7os consulares\u00a0<strong>(vistos, legaliza\u00e7\u00f5es, nacionalidade,<\/strong> e<strong>tc.)<\/strong> \u00e0s 2as, 4as, e 6as-feiras, das 09h00 \u00e0s 13h00\u00a0<strong>somente com marca\u00e7\u00e3o pr\u00e9via.<\/strong> Para agendar ligue &#8211; 55 (11) 4371-9450\/52.<\/li>\n<\/ul>\n<ul>\n<li><strong>Informa\u00e7\u00f5es<\/strong> <strong>por telefone sobre servi\u00e7os consulares (vistos, nacionalidade, legaliza\u00e7\u00f5es, passaportes, etc),<\/strong> ligue\u00a0+55 (11) 4371-9450\/52.<\/li>\n<li><strong>Outras informa\u00e7\u00f5es via telefone<\/strong> de 2a a 6a-feira, das 9h \u00e0s 18h<\/li>\n<\/ul>\n<\/td>\n<\/tr>\n<tr>\n<td><strong>BOUNDARY:<\/strong><\/td>\n<td>Estados:&nbsp;<\/p>\n<ul>\n<li><strong>S\u00e3o Paulo,<\/strong><\/li>\n<li><strong>Rio de Janeiro,<\/strong><\/li>\n<li><strong>Minas Gerais,<\/strong><\/li>\n<li><strong>Esp\u00edrito Santo,<\/strong><\/li>\n<li><strong>Paran\u00e1<\/strong>,<\/li>\n<li><strong>Santa Catarina<\/strong><\/li>\n<li><strong>Rio Grande do Sul<\/strong><\/li>\n<\/ul>\n<\/td>\n<\/tr>\n<tr>\n<td><strong>Notas:<\/strong><\/td>\n<td><strong>www.facebook.com\/consuluasp<\/strong>&nbsp;<\/p>\n<p><strong>Como chegar no Consulado da Ucr\u00e2nia em S\u00e3o Paulo<\/strong><\/p>\n<p>O pr\u00e9dio do Consulado da Ucr\u00e2nia encontra-se\u00a0<strong>na esquina da Alameda dos Jurupis com a Avenida Jandira<\/strong> no bairro Moema.<\/p>\n<p><strong>De metr\u00f4-\u00f4nibus:<\/strong><\/p>\n<p>Partindo do\u00a0<strong>Terminal Rodovi\u00e1rio do Tiet\u00ea<\/strong> entrar na esta\u00e7\u00e3o de Linha 1 Azul Portuguesa Titet\u00ea (destino Jabaquara). Viajar at\u00e9 esta\u00e7\u00e3o Santa Cruz (22 minutos). Descer na esta\u00e7\u00e3o Santa Cruze saindo de rua Domingos de Morais e caminhar 3 min. at\u00e9 a parada do \u00f4nibus 5103-10 Rua Machado Bitencourt, pegar \u00f4nibus e viajar at\u00e9 a parada\u00a0 Alameda dos Maracatins 796 e depois caminhar at\u00e9 onsulado.<\/p>\n<p><strong>De autom\u00f3vel:<\/strong><\/p>\n<p><strong>da Zona Sul<\/strong> pela Marginal Pinheiros at\u00e9 a Av. dos Bandeirantes &#8211; Av. Ibirapuera \u2013 Av. Juruc\u00ea.<\/p>\n<p>Infelizmente\u00a0<strong>n\u00e3o h\u00e1<\/strong> <strong>estacionamento<\/strong> dispon\u00edvel no pr\u00e9dio do Consulado para visitantes. Sugerimos que escolha um estacionamento no entorno como, por exemplo, o na Av. Juruc\u00ea.<\/p>\n<p><strong>Dos Aeroportos<\/strong> de Congonhas e de Guarulhos o acesso mais r\u00e1pido \u00e9 de taxi.<\/td>\n<\/tr>\n<\/tbody>\n<\/table>\n<\/div>\n<p>&nbsp;<\/p>\n<h2>Consulados Honor\u00e1rios da Ucr\u00e2nia no Brasil<\/h2>\n<div>\n<div>Consulado Honor\u00e1rio da Ucr\u00e2nia em Curitiba<\/div>\n<table>\n<tbody>\n<tr>\n<td width=\"140\"><strong>Chefe:<\/strong><\/td>\n<td><em>Mariano Czaikowski<\/em><\/td>\n<\/tr>\n<tr>\n<td><strong>Endere\u00e7o:<\/strong><\/td>\n<td>Rua Marechal Deodoro, 211, sala 1302, 13\u00b0 andar, CEP 80020-320, Curitiba-PR, Bras\u00edlia<\/td>\n<\/tr>\n<tr>\n<td><strong>Telefone:<\/strong><\/td>\n<td>(55041)33478110, (55041)999714279<\/td>\n<\/tr>\n<tr>\n<td><strong>Fax:<\/strong><\/td>\n<td>(00 55-41) 3347-8110<\/td>\n<\/tr>\n<tr>\n<td><strong>E-mail:<\/strong><\/td>\n<td>consul@onda.com.br<\/td>\n<\/tr>\n<tr>\n<td><strong>Shedule:<\/strong><\/td>\n<td>Segunda e Sexta:&nbsp;<\/p>\n<p>09.30-12.00<\/p>\n<p>14.00-18.00<\/td>\n<\/tr>\n<tr>\n<td><strong>Notas:<\/strong><\/td>\n<td>E-mail: &#8211;\u00a0<em>para enviar perguntas relacionadas com assuntos consulares, por favor use email<\/em>:\u00a0<a href=\"mailto:consul@onda.com.br\">consul@onda.com.br<\/a>&nbsp;<\/p>\n<p><em>-para tradu\u00e7\u00f5es:<\/em> <a href=\"mailto:tradutor@onda.com.br\" target=\"_blank\">tradutor@onda.com.br<\/a> ou\u00a0<a href=\"mailto:mariano284@gmail.com\">mariano284@gmail.com<\/a><\/p>\n<p>Compet\u00eancia:\u00a0<em>requerentes com resid\u00eancia em Paran\u00e1.<\/em><\/td>\n<\/tr>\n<tr>\n<td><strong>BOUNDARY:<\/strong><\/td>\n<td>estado do Paran\u00e1<\/td>\n<\/tr>\n<\/tbody>\n<\/table>\n<\/div>\n<hr \/>\n<div>\n<div>Consulado Honor\u00e1rio da Ucr\u00e2nia em S\u00e3o Paulo<\/div>\n<table>\n<tbody>\n<tr>\n<td width=\"140\"><strong>Chefe:<\/strong><\/td>\n<td><em>Jorge Rybka<\/em><br \/>\nC\u00f4nsul Honor\u00e1rio da Ucr\u00e2nia em S\u00e3o Paulo<\/td>\n<\/tr>\n<tr>\n<td><strong>Endere\u00e7o:<\/strong><\/td>\n<td>Rua Capellen, 78 \u2013 Santo Amaro&nbsp;<\/p>\n<p>CEP: 04728-040; S\u00e3o Paulo \u2013 SP<\/td>\n<\/tr>\n<tr>\n<td><strong>Telefone:<\/strong><\/td>\n<td>(00 55-11) 5641-7083<\/td>\n<\/tr>\n<tr>\n<td><strong>Fax:<\/strong><\/td>\n<td>(00 55-11) 5641-7083<\/td>\n<\/tr>\n<tr>\n<td><strong>E-mail:<\/strong><\/td>\n<td>consuladodaucraniaemps@mandic.com.br<\/td>\n<\/tr>\n<tr>\n<td><strong>Shedule:<\/strong><\/td>\n<td>De Segunda a Sexta: das 09h00 \u00e0s 18h00<\/td>\n<\/tr>\n<tr>\n<td><strong>BOUNDARY:<\/strong><\/td>\n<td>estado de S\u00e3o Paulo<\/td>\n<\/tr>\n<\/tbody>\n<\/table>\n<\/div>\n<p>&nbsp;<\/p>\n","protected":false},"excerpt":{"rendered":"<p>Embaixada da Brasil na Ucr\u00e2nia Kyiv Embaixador: Norton de Andrade de Mello Rapesta Endere\u00e7o: Andriivskyi Uzviz, 7-A, Podil, CEP 04070, Kyiv, Ukraine. Public Transport &#8211; Metro Kontraktova Plosha Contacts of [&hellip;]<\/p>\n","protected":false},"author":1,"featured_media":0,"parent":576,"menu_order":0,"comment_status":"closed","ping_status":"open","template":"","meta":[],"_links":{"self":[{"href":"http:\/\/www.rcub.com.br\/rcub\/wp-json\/wp\/v2\/pages\/633"}],"collection":[{"href":"http:\/\/www.rcub.com.br\/rcub\/wp-json\/wp\/v2\/pages"}],"about":[{"href":"http:\/\/www.rcub.com.br\/rcub\/wp-json\/wp\/v2\/types\/page"}],"author":[{"embeddable":true,"href":"http:\/\/www.rcub.com.br\/rcub\/wp-json\/wp\/v2\/users\/1"}],"replies":[{"embeddable":true,"href":"http:\/\/www.rcub.com.br\/rcub\/wp-json\/wp\/v2\/comments?post=633"}],"version-history":[{"count":24,"href":"http:\/\/www.rcub.com.br\/rcub\/wp-json\/wp\/v2\/pages\/633\/revisions"}],"predecessor-version":[{"id":653,"href":"http:\/\/www.rcub.com.br\/rcub\/wp-json\/wp\/v2\/pages\/633\/revisions\/653"}],"up":[{"embeddable":true,"href":"http:\/\/www.rcub.com.br\/rcub\/wp-json\/wp\/v2\/pages\/576"}],"wp:attachment":[{"href":"http:\/\/www.rcub.com.br\/rcub\/wp-json\/wp\/v2\/media?parent=633"}],"curies":[{"name":"wp","href":"https:\/\/api.w.org\/{rel}","templated":true}]}}