{"id":623,"date":"2011-05-16T16:05:10","date_gmt":"2011-05-16T19:05:10","guid":{"rendered":"http:\/\/www.rcub.com.br\/rcub\/?page_id=623"},"modified":"2012-06-20T09:58:01","modified_gmt":"2012-06-20T12:58:01","slug":"personalidades","status":"publish","type":"page","link":"http:\/\/www.rcub.com.br\/rcub\/cultura\/personalidades\/","title":{"rendered":"Personalidades"},"content":{"rendered":"<p>Devido a grande interven\u00e7\u00e3o de outras culturas que se apoderaram da Ucr\u00e2nia durante anos, o pa\u00eds desenvolveu grande riqueza cultural, e isso se reflete nas personalidades do pa\u00eds, constitu\u00edda por um grande n\u00famero de poetas, artistas pl\u00e1sticos, cineastas, pintores e atores.<\/p>\n<p>&nbsp;<\/p>\n<p><a href=\"http:\/\/www.ukrainians-world.org.ua\/eng\/peoples\/?letter=A\">Enciclop\u00e9dia dos Ucranianos<\/a><\/p>\n<p>&nbsp;<\/p>\n<p><strong>Na Ucr\u00e2nia<\/strong><\/p>\n<p><strong><br \/>\n<\/strong><\/p>\n<ul>\n<li><a href=\"http:\/\/www.rcub.com.br\/rcub\/cultura\/personalidades\/ana-de-kiev\/\">Ana de Kiev<\/a><\/li>\n<li><a href=\"http:\/\/www.rcub.com.br\/rcub\/cultura\/personalidades\/taras-chevtchenko\/\">Taras Chevtchenko<\/a><\/li>\n<\/ul>\n<p><strong>Presen\u00e7a Ucraniana no Brasil:<br \/>\n<\/strong><\/p>\n<ul>\n<li><a href=\"http:\/\/www.rcub.com.br\/rcub\/cultura\/personalidades\/ambrosio-choma\/\">Ambr\u00f3sio Choma<\/a><\/li>\n<li><a href=\"http:\/\/www.rcub.com.br\/rcub\/cultura\/personalidades\/clarice-lispector\/\">Clarice Lispector<\/a><\/li>\n<li><a href=\"http:\/\/www.rcub.com.br\/rcub\/cultura\/personalidades\/denise-stoklos\/\">Denise Stoklos<\/a><\/li>\n<li><a href=\"http:\/\/www.rcub.com.br\/rcub\/cultura\/personalidades\/hector-babenco\/\">Hector Babenco<\/a><\/li>\n<li><a href=\"http:\/\/www.rcub.com.br\/rcub\/cultura\/personalidades\/helena-kolody\/\">Helena Kolody<\/a><\/li>\n<li><a href=\"http:\/\/www.rcub.com.br\/rcub\/cultura\/personalidades\/miguel-bakun\/\">Miguel Bakun<\/a><\/li>\n<li><a href=\"http:\/\/www.rcub.com.br\/rcub\/cultura\/personalidades\/noel-nutels\/\">Noel Nutels<\/a><\/li>\n<\/ul>\n","protected":false},"excerpt":{"rendered":"<p>Devido a grande interven\u00e7\u00e3o de outras culturas que se apoderaram da Ucr\u00e2nia durante anos, o pa\u00eds desenvolveu grande riqueza cultural, e isso se reflete nas personalidades do pa\u00eds, constitu\u00edda por [&hellip;]<\/p>\n","protected":false},"author":1,"featured_media":0,"parent":572,"menu_order":0,"comment_status":"closed","ping_status":"open","template":"","meta":[],"_links":{"self":[{"href":"http:\/\/www.rcub.com.br\/rcub\/wp-json\/wp\/v2\/pages\/623"}],"collection":[{"href":"http:\/\/www.rcub.com.br\/rcub\/wp-json\/wp\/v2\/pages"}],"about":[{"href":"http:\/\/www.rcub.com.br\/rcub\/wp-json\/wp\/v2\/types\/page"}],"author":[{"embeddable":true,"href":"http:\/\/www.rcub.com.br\/rcub\/wp-json\/wp\/v2\/users\/1"}],"replies":[{"embeddable":true,"href":"http:\/\/www.rcub.com.br\/rcub\/wp-json\/wp\/v2\/comments?post=623"}],"version-history":[{"count":14,"href":"http:\/\/www.rcub.com.br\/rcub\/wp-json\/wp\/v2\/pages\/623\/revisions"}],"predecessor-version":[{"id":916,"href":"http:\/\/www.rcub.com.br\/rcub\/wp-json\/wp\/v2\/pages\/623\/revisions\/916"}],"up":[{"embeddable":true,"href":"http:\/\/www.rcub.com.br\/rcub\/wp-json\/wp\/v2\/pages\/572"}],"wp:attachment":[{"href":"http:\/\/www.rcub.com.br\/rcub\/wp-json\/wp\/v2\/media?parent=623"}],"curies":[{"name":"wp","href":"https:\/\/api.w.org\/{rel}","templated":true}]}}