{"id":619,"date":"2011-05-16T16:04:37","date_gmt":"2011-05-16T19:04:37","guid":{"rendered":"http:\/\/www.rcub.com.br\/rcub\/?page_id=619"},"modified":"2012-03-15T21:20:16","modified_gmt":"2012-03-16T00:20:16","slug":"artesanato","status":"publish","type":"page","link":"http:\/\/www.rcub.com.br\/rcub\/cultura\/artesanato\/","title":{"rendered":"Artesanato"},"content":{"rendered":"<p><a href=\"http:\/\/www.youtube.com\/watch?v=Arc3aQ4fgik&#038;feature=related\"><\/p>\n<p style=\"text-align: center;\"><a rel=\"lightbox[slb_619]\" href=\"http:\/\/www.rcub.com.br\/rcub\/wp-content\/uploads\/2011\/05\/Pessankas_de_Romulo_Lubachesky.jpg\"><img loading=\"lazy\" class=\"aligncenter size-full wp-image-1000\" title=\"Pessankas_de_Romulo_Lubachesky\" src=\"http:\/\/www.rcub.com.br\/rcub\/wp-content\/uploads\/2011\/05\/Pessankas_de_Romulo_Lubachesky.jpg\" alt=\"\" width=\"502\" height=\"336\" srcset=\"http:\/\/www.rcub.com.br\/rcub\/wp-content\/uploads\/2011\/05\/Pessankas_de_Romulo_Lubachesky.jpg 1162w, http:\/\/www.rcub.com.br\/rcub\/wp-content\/uploads\/2011\/05\/Pessankas_de_Romulo_Lubachesky-300x200.jpg 300w, http:\/\/www.rcub.com.br\/rcub\/wp-content\/uploads\/2011\/05\/Pessankas_de_Romulo_Lubachesky-610x408.jpg 610w\" sizes=\"(max-width: 502px) 100vw, 502px\" \/><\/a><\/p>\n<p>O artesanato \u00e9 uma grande tradi\u00e7\u00e3o na Ucr\u00e2nia, e inclui trabalhos como bordados ( tolhas chamadas de <a href=\"http:\/\/www.youtube.com\/watch?v=Arc3aQ4fgik&#038;feature=related\">Rushneks<\/a>, <a href=\"http:\/\/www.youtube.com\/watch?v=fYpyitCO-FY&#038;feature=related\">camisas e roupas<\/a> ), xilogravura, pintura de bonecas e de ovos t\u00edpicos, as famosas p\u00eassankas.<\/p>\n<p>H\u00e1 ind\u00edcios de que os ucranianos produziam as p\u00eassankas desde 3.000 a.C., com ferramentas r\u00fasticas e desenhos nem t\u00e3o elaborados como os de hoje em dia. Como os ucranianos veneravam a natureza, antes da convers\u00e3o ao cristianismo, na Festa da Primavera ofereciam presentes ao deus Dajb\u00f3h, equivalente a Apolo, e entre eles sempre se encontravam as p\u00eassankas.<\/p>\n<p>Quando o Pr\u00edncipe Wolodymir adotou o cristianismo como religi\u00e3o oficial do pa\u00eds, o clero adaptou a arte dos ovos decorados \u00e0 nova realidade, e eles passaram a ser uma tradi\u00e7\u00e3o de p\u00e1scoa.<\/p>\n<p>Ao longo de sua hist\u00f3ria, a Ucr\u00e2nia passou por muitas dificuldades pol\u00edticas, ligadas a dom\u00ednios sobre seu territ\u00f3rio, guerras e comunismo, mas as p\u00eassankas nunca deixaram de ser um sinal da tradi\u00e7\u00e3o do povo, e quando a independ\u00eancia do pa\u00eds foi decretada em 1991, elas passaram a ser um s\u00edmbolo de longevidade para o pa\u00eds.<\/p>\n<p>&nbsp;<\/p>\n<p>&nbsp;<\/p>\n<p>&nbsp;<\/p>\n","protected":false},"excerpt":{"rendered":"<p>O artesanato \u00e9 uma grande tradi\u00e7\u00e3o na Ucr\u00e2nia, e inclui trabalhos como bordados ( tolhas chamadas de Rushneks, camisas e roupas ), xilogravura, pintura de bonecas e de ovos t\u00edpicos, [&hellip;]<\/p>\n","protected":false},"author":1,"featured_media":0,"parent":572,"menu_order":0,"comment_status":"closed","ping_status":"open","template":"","meta":[],"_links":{"self":[{"href":"http:\/\/www.rcub.com.br\/rcub\/wp-json\/wp\/v2\/pages\/619"}],"collection":[{"href":"http:\/\/www.rcub.com.br\/rcub\/wp-json\/wp\/v2\/pages"}],"about":[{"href":"http:\/\/www.rcub.com.br\/rcub\/wp-json\/wp\/v2\/types\/page"}],"author":[{"embeddable":true,"href":"http:\/\/www.rcub.com.br\/rcub\/wp-json\/wp\/v2\/users\/1"}],"replies":[{"embeddable":true,"href":"http:\/\/www.rcub.com.br\/rcub\/wp-json\/wp\/v2\/comments?post=619"}],"version-history":[{"count":9,"href":"http:\/\/www.rcub.com.br\/rcub\/wp-json\/wp\/v2\/pages\/619\/revisions"}],"predecessor-version":[{"id":2538,"href":"http:\/\/www.rcub.com.br\/rcub\/wp-json\/wp\/v2\/pages\/619\/revisions\/2538"}],"up":[{"embeddable":true,"href":"http:\/\/www.rcub.com.br\/rcub\/wp-json\/wp\/v2\/pages\/572"}],"wp:attachment":[{"href":"http:\/\/www.rcub.com.br\/rcub\/wp-json\/wp\/v2\/media?parent=619"}],"curies":[{"name":"wp","href":"https:\/\/api.w.org\/{rel}","templated":true}]}}