{"id":617,"date":"2011-05-16T16:04:25","date_gmt":"2011-05-16T19:04:25","guid":{"rendered":"http:\/\/www.rcub.com.br\/rcub\/?page_id=617"},"modified":"2012-02-05T19:31:52","modified_gmt":"2012-02-05T22:31:52","slug":"grupos-folcloricos","status":"publish","type":"page","link":"http:\/\/www.rcub.com.br\/rcub\/cultura\/grupos-folcloricos\/","title":{"rendered":"Grupos Folcl\u00f3ricos"},"content":{"rendered":"<h2>Barvinok<\/h2>\n<p style=\"text-align: center;\"><a rel=\"lightbox[slb_617]\" href=\"http:\/\/www.rcub.com.br\/rcub\/wp-content\/uploads\/2011\/05\/barvinok.jpg\"><img loading=\"lazy\" class=\"aligncenter size-large wp-image-1004\" title=\"barvinok\" src=\"http:\/\/www.rcub.com.br\/rcub\/wp-content\/uploads\/2011\/05\/barvinok-610x405.jpg\" alt=\"\" width=\"490\" height=\"326\" srcset=\"http:\/\/www.rcub.com.br\/rcub\/wp-content\/uploads\/2011\/05\/barvinok-610x405.jpg 610w, http:\/\/www.rcub.com.br\/rcub\/wp-content\/uploads\/2011\/05\/barvinok-300x199.jpg 300w, http:\/\/www.rcub.com.br\/rcub\/wp-content\/uploads\/2011\/05\/barvinok.jpg 829w\" sizes=\"(max-width: 490px) 100vw, 490px\" \/><\/a><\/p>\n<p>Fundado em 1930 e oficializado em 1959 com a realiza\u00e7\u00e3o do I Festival Folcl\u00f3rico e de Etnias do Paran\u00e1, o Folclore Ucraniano Barvinok \u00e9 o conjunto ucraniano mais antigo do Brasil. Desde as suas origens funciona como departamento da Uni\u00e3o Agr\u00edcola Instrutiva, atualmente denominada Sociedade Ucraniana do Brasil, SUBRAS entidade cultural e beneficente, que congrega membros da col\u00f4nia ucraniana de Curitiba.<\/p>\n<p>Saiba mais: <a href=\"http:\/\/www.barvinok.com.br\" target=\"_blank\">barvinok.com.br<\/a><\/p>\n<h2>Poltava<\/h2>\n<p><a rel=\"lightbox[slb_617]\" href=\"http:\/\/www.rcub.com.br\/rcub\/wp-content\/uploads\/2011\/05\/poltava.jpg\"><img loading=\"lazy\" class=\"aligncenter size-full wp-image-1005\" title=\"poltava\" src=\"http:\/\/www.rcub.com.br\/rcub\/wp-content\/uploads\/2011\/05\/poltava.jpg\" alt=\"\" width=\"480\" height=\"358\" srcset=\"http:\/\/www.rcub.com.br\/rcub\/wp-content\/uploads\/2011\/05\/poltava.jpg 480w, http:\/\/www.rcub.com.br\/rcub\/wp-content\/uploads\/2011\/05\/poltava-300x223.jpg 300w\" sizes=\"(max-width: 480px) 100vw, 480px\" \/><\/a><\/p>\n<p>O Grupo Folcl\u00f3rico Ucraniano Poltava foi fundado no dia 13 de junho de 1981, quando jovens descendentes de ucranianos, sentiram que em seus cora\u00e7\u00f5es pulsava incessantemente o mesmo ideal: reviver algo da riqu\u00edssima e milenar cultura ucraniana, seguindo assim, os passos de seus pais e av\u00f3s.<\/p>\n<p>Saiba mais: <a href=\"http:\/\/www.poltava.com.br\" target=\"_blank\">poltava.com.br<\/a><\/p>\n<h2>Vesselka<\/h2>\n<p><a rel=\"lightbox[slb_617]\" href=\"http:\/\/www.rcub.com.br\/rcub\/wp-content\/uploads\/2011\/05\/vesselka.jpg\"><img loading=\"lazy\" class=\"aligncenter size-full wp-image-1006\" title=\"vesselka\" src=\"http:\/\/www.rcub.com.br\/rcub\/wp-content\/uploads\/2011\/05\/vesselka.jpg\" alt=\"\" width=\"513\" height=\"342\" srcset=\"http:\/\/www.rcub.com.br\/rcub\/wp-content\/uploads\/2011\/05\/vesselka.jpg 513w, http:\/\/www.rcub.com.br\/rcub\/wp-content\/uploads\/2011\/05\/vesselka-300x200.jpg 300w\" sizes=\"(max-width: 513px) 100vw, 513px\" \/><\/a><\/p>\n<p>O Grupo de Dan\u00e7as VesseIka foi fundado em 1\u00b0. de agosto de 1958, pelo Pe. Efraim Krevey, atual Eparca dos Ucranianos no Brasil, sob a coordena\u00e7\u00e3o das Catequistas do Sagrado Cora\u00e7\u00e3o de Jesus N\u00e1dia Shulan e Ana Hotz. Sendo assim, o Grupo VesseIka praticamente j\u00e1 existia durante a imigra\u00e7\u00e3o, desde quando vieram as primeiras fam\u00edlias ucranianas a Prudent\u00f3polis, mas n\u00e3o t\u00e3o difundido e popular como hoje.<\/p>\n<p>Saiba mais: <a href=\"http:\/\/www.vesselka.com.br\" target=\"_blank\">vesselka.com.br<\/a><\/p>\n<h2>Kalena<\/h2>\n<p><a rel=\"lightbox[slb_617]\" href=\"http:\/\/www.rcub.com.br\/rcub\/wp-content\/uploads\/2011\/05\/kalena.jpg\"><img loading=\"lazy\" class=\"aligncenter size-full wp-image-1007\" title=\"kalena\" src=\"http:\/\/www.rcub.com.br\/rcub\/wp-content\/uploads\/2011\/05\/kalena.jpg\" alt=\"\" width=\"500\" height=\"375\" srcset=\"http:\/\/www.rcub.com.br\/rcub\/wp-content\/uploads\/2011\/05\/kalena.jpg 500w, http:\/\/www.rcub.com.br\/rcub\/wp-content\/uploads\/2011\/05\/kalena-300x225.jpg 300w\" sizes=\"(max-width: 500px) 100vw, 500px\" \/><\/a><\/p>\n<p>O Folclore Ucraniano Kalena, fundado em janeiro de 1969, \u00e9 uma entidade vinculada ao Clube Ucraniano de Uni\u00e3o da Vit\u00f3ria &#8211; PR. O seu in\u00edcio se deu pelo impulso natural dos jovens descendentes de ucranianos, que n\u00e3o queriam perder a cultura trazida da long\u00ednqua terra de seus antepassados.  A hist\u00f3ria do grupo sempre foi marcada de um esfor\u00e7o cont\u00ednuo na busca do crescimento e aprimoramento. Seus integrantes, no decorrer dos 42 anos de atividades, sempre vem participando de v\u00e1rios cursos de aperfei\u00e7oamento da dan\u00e7a folcl\u00f3rica ucraniana, inclusive cursos no exterior.<\/p>\n<p>Saiba mais: <a href=\"http:\/\/www.grupokalena.com.br\/\" target=\"_blank\">grupokalena.com.br<\/a><\/p>\n<h2>Sonhachnek<\/h2>\n<p><a rel=\"lightbox[slb_617]\" href=\"http:\/\/www.rcub.com.br\/rcub\/wp-content\/uploads\/2011\/05\/Sonhachnek.jpg\"><img loading=\"lazy\" class=\"aligncenter size-large wp-image-1008\" title=\"Sonhachnek\" src=\"http:\/\/www.rcub.com.br\/rcub\/wp-content\/uploads\/2011\/05\/Sonhachnek-610x365.jpg\" alt=\"\" width=\"610\" height=\"365\" srcset=\"http:\/\/www.rcub.com.br\/rcub\/wp-content\/uploads\/2011\/05\/Sonhachnek-610x365.jpg 610w, http:\/\/www.rcub.com.br\/rcub\/wp-content\/uploads\/2011\/05\/Sonhachnek-300x179.jpg 300w, http:\/\/www.rcub.com.br\/rcub\/wp-content\/uploads\/2011\/05\/Sonhachnek.jpg 672w\" sizes=\"(max-width: 610px) 100vw, 610px\" \/><\/a><\/p>\n<p>O Folclore Ucraniano Sonhachnek tem por objetivo congregar os descendentes de ucranianos e simpatizantes de sua cultura, incentivando a pesquisa das suas origens, desenvolvendo atividades tais como dan\u00e7a, folclore, bordado, pintura, entre outras, estimulando assim a participa\u00e7\u00e3o dos jovens e impulsionando-os ao aprendizado da cultura ucraniana.<\/p>\n<p>Saiba mais: <a href=\"http:\/\/www.sonhachnek.com.br\/\" target=\"_blank\">sonhachnek.com.br<\/a><\/p>\n<h2>Spomen<\/h2>\n<p><a rel=\"lightbox[slb_617]\" href=\"http:\/\/www.rcub.com.br\/rcub\/wp-content\/uploads\/2011\/05\/spomen.jpg\"><img loading=\"lazy\" class=\"aligncenter size-large wp-image-1009\" title=\"spomen\" src=\"http:\/\/www.rcub.com.br\/rcub\/wp-content\/uploads\/2011\/05\/spomen-610x406.jpg\" alt=\"\" width=\"610\" height=\"406\" srcset=\"http:\/\/www.rcub.com.br\/rcub\/wp-content\/uploads\/2011\/05\/spomen-610x406.jpg 610w, http:\/\/www.rcub.com.br\/rcub\/wp-content\/uploads\/2011\/05\/spomen-300x200.jpg 300w, http:\/\/www.rcub.com.br\/rcub\/wp-content\/uploads\/2011\/05\/spomen.jpg 639w\" sizes=\"(max-width: 610px) 100vw, 610px\" \/><\/a><\/p>\n<p>Fundado em 1993, por descendentes de imigrantes que vieram da Ucr\u00e2nia para o Brasil nos s\u00e9culos XIX e XX, o Grupo Folcl\u00f3rico Ucraniano Spomen trabalha pela preserva\u00e7\u00e3o das tradi\u00e7\u00f5es e da cultura ucraniana, atrav\u00e9s da dan\u00e7a, do canto, da l\u00edngua, das festas t\u00edpicas e do artesanato. Hoje s\u00e3o mais de 80 integrantes, divididos em grupos infantil, juvenil, adulto e dirigentes.<\/p>\n<p>Saiba mais: <a href=\"http:\/\/www.spomen.blogger.com.br\/\" target=\"_blank\">spomen.blogger.com.br<\/a><\/p>\n<h2>Solovey<\/h2>\n<p><a rel=\"lightbox[slb_617]\" href=\"http:\/\/www.rcub.com.br\/rcub\/wp-content\/uploads\/2011\/05\/solovey.jpg\"><img loading=\"lazy\" class=\"aligncenter size-large wp-image-1010\" title=\"solovey\" src=\"http:\/\/www.rcub.com.br\/rcub\/wp-content\/uploads\/2011\/05\/solovey-610x457.jpg\" alt=\"\" width=\"610\" height=\"457\" srcset=\"http:\/\/www.rcub.com.br\/rcub\/wp-content\/uploads\/2011\/05\/solovey-610x457.jpg 610w, http:\/\/www.rcub.com.br\/rcub\/wp-content\/uploads\/2011\/05\/solovey-300x225.jpg 300w, http:\/\/www.rcub.com.br\/rcub\/wp-content\/uploads\/2011\/05\/solovey.jpg 650w\" sizes=\"(max-width: 610px) 100vw, 610px\" \/><\/a><\/p>\n<p>Nestes 20 anos de hist\u00f3ria, o Solovey realiza cerca de 30 espet\u00e1culos anuais, em diversas cidades e estados brasileiros, com uma equipe de mais de 50 bailarinos e simpatizantes desta milenar cultura, apresentando um show de cores e m\u00fasicas vibrantes, al\u00e9m das dan\u00e7as e do figurino bordado do folclore ucraniano. S\u00e3o mais de 150 figurinos apresentando ao p\u00fablico diversas regi\u00f5es deste pa\u00eds, suas m\u00fasicas, trajes t\u00edpicos, usos e costumes.<\/p>\n<p>Saiba mais: <a href=\"http:\/\/www.solovey.com.br\/\" target=\"_blank\">solovey.com.br<\/a><\/p>\n<h2>Kyiv<\/h2>\n<p style=\"text-align: center;\"><a rel=\"lightbox[slb_617]\" href=\"http:\/\/www.rcub.com.br\/rcub\/wp-content\/uploads\/2011\/05\/kyiv.jpg\"><img loading=\"lazy\" class=\"aligncenter size-large wp-image-1011\" title=\"kyiv\" src=\"http:\/\/www.rcub.com.br\/rcub\/wp-content\/uploads\/2011\/05\/kyiv-610x457.jpg\" alt=\"\" width=\"549\" height=\"411\" srcset=\"http:\/\/www.rcub.com.br\/rcub\/wp-content\/uploads\/2011\/05\/kyiv-610x457.jpg 610w, http:\/\/www.rcub.com.br\/rcub\/wp-content\/uploads\/2011\/05\/kyiv-300x225.jpg 300w, http:\/\/www.rcub.com.br\/rcub\/wp-content\/uploads\/2011\/05\/kyiv.jpg 1024w\" sizes=\"(max-width: 549px) 100vw, 549px\" \/><\/a><\/p>\n<p>O  Grupo de  Dan\u00e7as  Folcl\u00f3ricas  Ucranianas  Kyiv  representa  a Sociedade  Ucraniano-Brasileira  Unifica\u00e7\u00e3o.  Fundado  em  1961  por  Stefan Samila, composto por descendentes de ucranianos que vivem em  S\u00e3o Paulo, tem  por  finalidade  preservar e divulgar a cultura  ucraniana. Para  tanto  tem participado de in\u00fameros festivais de folclore nestes \u00faltimos 38 anos no estado de  S\u00e3o  Paulo  bem  como  em  outros  estados,  apresentando  dan\u00e7as  de diversas  regi\u00f5es  da  Ucr\u00e2nia, dirigido  atualmente  por  Jorge  Rybka.<\/p>\n<p>Saiba mais: <a href=\"http:\/\/ucranianos.sites.uol.com.br\/grupo.htm\" target=\"_blank\">ucranianos.sites.uol.com.br<\/a><\/p>\n<h2>Vesn\u00e1<\/h2>\n<p><a rel=\"lightbox[slb_617]\" href=\"http:\/\/www.rcub.com.br\/rcub\/wp-content\/uploads\/2011\/05\/vesna.jpg\"><img loading=\"lazy\" class=\"aligncenter size-large wp-image-1012\" title=\"vesna\" src=\"http:\/\/www.rcub.com.br\/rcub\/wp-content\/uploads\/2011\/05\/vesna-610x319.jpg\" alt=\"\" width=\"610\" height=\"319\" srcset=\"http:\/\/www.rcub.com.br\/rcub\/wp-content\/uploads\/2011\/05\/vesna-610x319.jpg 610w, http:\/\/www.rcub.com.br\/rcub\/wp-content\/uploads\/2011\/05\/vesna-300x157.jpg 300w, http:\/\/www.rcub.com.br\/rcub\/wp-content\/uploads\/2011\/05\/vesna.jpg 616w\" sizes=\"(max-width: 610px) 100vw, 610px\" \/><\/a><\/p>\n<p>Representar a etnia e preservar os costumes e as tradi\u00e7\u00f5es do povo ucraniano. Esta foi a semente plantada pelo saudoso Padre Jos\u00e9 Waureck (in Memoriam), que em 07 de maio de 1985, juntamente com os jovens descendentes da quarta e quinta gera\u00e7\u00e3o dos primeiros imigrantes ucranianos, fundaram o Grupo Folcl\u00f3rico Ucraniano Vesn\u00e1 nas depend\u00eancias da Igreja Ucraniana \u2013 Cat\u00f3lica Nossa Senhora do Perp\u00e9tuo Socorro, com o intuito de preservar, divulgar e manter viva as tradi\u00e7\u00f5es dos antepassados manifestando no ritmo das dan\u00e7as, a cultura e a arte milenar da Ucr\u00e2nia.<\/p>\n<p>Saiba mais: <a href=\"http:\/\/vesna.libertar.org\/pages\/\" target=\"_blank\">vesna.libertar.org<\/a><\/p>\n<h2>Grupo Folcl\u00f3rico Fialka<\/h2>\n<p><a href=\"http:\/\/grupo-fialka.webnode.com.br\/\">http:\/\/grupo-fialka.webnode.com.br\/<\/a><\/p>\n<p>&nbsp;<\/p>\n<p>&nbsp;<\/p>\n<p>&nbsp;<\/p>\n<p>&nbsp;<\/p>\n","protected":false},"excerpt":{"rendered":"<p>Barvinok Fundado em 1930 e oficializado em 1959 com a realiza\u00e7\u00e3o do I Festival Folcl\u00f3rico e de Etnias do Paran\u00e1, o Folclore Ucraniano Barvinok \u00e9 o conjunto ucraniano mais antigo [&hellip;]<\/p>\n","protected":false},"author":1,"featured_media":0,"parent":572,"menu_order":0,"comment_status":"closed","ping_status":"open","template":"","meta":[],"_links":{"self":[{"href":"http:\/\/www.rcub.com.br\/rcub\/wp-json\/wp\/v2\/pages\/617"}],"collection":[{"href":"http:\/\/www.rcub.com.br\/rcub\/wp-json\/wp\/v2\/pages"}],"about":[{"href":"http:\/\/www.rcub.com.br\/rcub\/wp-json\/wp\/v2\/types\/page"}],"author":[{"embeddable":true,"href":"http:\/\/www.rcub.com.br\/rcub\/wp-json\/wp\/v2\/users\/1"}],"replies":[{"embeddable":true,"href":"http:\/\/www.rcub.com.br\/rcub\/wp-json\/wp\/v2\/comments?post=617"}],"version-history":[{"count":13,"href":"http:\/\/www.rcub.com.br\/rcub\/wp-json\/wp\/v2\/pages\/617\/revisions"}],"predecessor-version":[{"id":808,"href":"http:\/\/www.rcub.com.br\/rcub\/wp-json\/wp\/v2\/pages\/617\/revisions\/808"}],"up":[{"embeddable":true,"href":"http:\/\/www.rcub.com.br\/rcub\/wp-json\/wp\/v2\/pages\/572"}],"wp:attachment":[{"href":"http:\/\/www.rcub.com.br\/rcub\/wp-json\/wp\/v2\/media?parent=617"}],"curies":[{"name":"wp","href":"https:\/\/api.w.org\/{rel}","templated":true}]}}