{"id":591,"date":"2011-05-16T15:58:12","date_gmt":"2011-05-16T18:58:12","guid":{"rendered":"http:\/\/www.rcub.com.br\/rcub\/?page_id=591"},"modified":"2021-01-23T15:42:23","modified_gmt":"2021-01-23T18:42:23","slug":"sociedades-ucranianas","status":"publish","type":"page","link":"http:\/\/www.rcub.com.br\/rcub\/quem-somos\/sociedades-ucranianas\/","title":{"rendered":"Sociedades Ucranianas"},"content":{"rendered":"<h2 style=\"text-align: justify;\">Sociedade Ucraniana do Brasil &#8211; SUBRAS<\/h2>\n<p>Rua Augusto Stelfeld, 793\u00a0 CNPJ \u00a076573682\/0001-93<br \/>\nPresidente : Mirna Voloshen<\/p>\n<p><a rel=\"lightbox[slb_591]\" href=\"http:\/\/www.rcub.com.br\/rcub\/wp-content\/uploads\/2011\/05\/subras1.jpg\"><img loading=\"lazy\" class=\"aligncenter size-full wp-image-1484\" title=\"subras\" src=\"http:\/\/www.rcub.com.br\/rcub\/wp-content\/uploads\/2011\/05\/subras1.jpg\" alt=\"\" width=\"512\" height=\"384\" srcset=\"http:\/\/www.rcub.com.br\/rcub\/wp-content\/uploads\/2011\/05\/subras1.jpg 512w, http:\/\/www.rcub.com.br\/rcub\/wp-content\/uploads\/2011\/05\/subras1-300x225.jpg 300w\" sizes=\"(max-width: 512px) 100vw, 512px\" \/><\/a><\/p>\n<p>Departamentos:<\/p>\n<p>Grupo Folcl\u00f3rico Barvinok<\/p>\n<p>Museu<\/p>\n<p>Subotna Schola ( Escola do S\u00e1bado )<\/p>\n<p>Organiza\u00e7\u00e3o Feminina<\/p>\n<p>A Sociedade foi fundada em 07 de julho de 1922 no Distrito de Dorizon, Mallet, Paran\u00e1, sob a denomina\u00e7\u00e3o de UNI\u00c3O UCRA\u00cdNA DO BRASIL, e em 28 de fevereiro de 1923 transferiu-se para Uni\u00e3o da Vit\u00f3ria, Paran\u00e1, de onde, no ano de 1934 veio para Curitiba, Paran\u00e1, incorporando ent\u00e3o o Patrim\u00f4nio e os s\u00f3cios da Sociedade Taras Chevtchenko, fundada em 1908.<br \/>\nEm 1938 passou a ter a denomina\u00e7\u00e3o de UNI\u00c3O AGRICOLA INSTRUTIVA e em 1939 incorporou o patrim\u00f4nio e s\u00f3cios do CENTRO UCRA\u00cdNO DE CURITIBA.<br \/>\nPor delibera\u00e7\u00e3o da Assembl\u00e9ia Geral Extraordin\u00e1ria, em 2000 passou a ter a atual denomina\u00e7\u00e3o de SOCIEDADE UCRANIANA DO BRASIL.<br \/>\nNa sua funda\u00e7\u00e3o, a sociedade objetivava, primordialmente, o apoio aos rec\u00e9m imigrantes que se instalavam na regi\u00e3o de Mallet e Uni\u00e3o da Vit\u00f3ria e depois se espalharam por outros munic\u00edpios do Paran\u00e1. Este apoio passou a ser cada vez mais efetivo quando o trabalho na agricultura se solidificou, mesmo porque era a base do trabalho que era desenvolvido em terras ucranianas. Da\u00ed o nome Uni\u00e3o Agr\u00edcola Instrutiva. Desde sua instala\u00e7\u00e3o em Curitiba, a ent\u00e3o Uni\u00e3o Agr\u00edcola, hospedou muitos filhos de imigrantes que vinham finalizar seus estudos em Curitiba, onde, posteriormente acabaram por fixar domic\u00edlio definitivo.<br \/>\nEntretanto, outras atividades foram sendo desenvolvidas pela Sociedade, dentre elas as de natureza cultural preponderaram, mais especificamente no folclore, com a manuten\u00e7\u00e3o das tradi\u00e7\u00f5es ucranianas, atrav\u00e9s das dan\u00e7as, can\u00e7\u00f5es, da l\u00edngua e outras atividades a ela relacionadas.<br \/>\nCom o passar dos anos e o desenvolvimento da agricultura, al\u00e9m da miscigena\u00e7\u00e3o natural dos imigrantes ucranianos fez com que a instru\u00e7\u00e3o agr\u00edcola fosse perdendo sua for\u00e7a dentre as atividades da Sociedade. Perdia a raz\u00e3o de ser do nome Uni\u00e3o Agr\u00edcola Instrutiva. Foi ent\u00e3o que em assembl\u00e9ia extraordin\u00e1ria alterou-se o nome para Sociedade Ucraniana do Brasil.<br \/>\nSem qualquer fim lucrativo tem por objetivo b\u00e1sico a congrega\u00e7\u00e3o c\u00edvica, moral e intelectual, a preserva\u00e7\u00e3o e o desenvolvimento da cultura ucra\u00edno-brasileira, a recrea\u00e7\u00e3o dos s\u00f3cios e a presta\u00e7\u00e3o de assist\u00eancia social aos ucranianos mais carentes.<br \/>\nPara que se atinjam adequadamente suas finalidades a Sociedade Ucraniana do Brasil &#8211; SUBRAS mant\u00e9m desde 1924 o Jornal O LAVRADOR. O nome, por \u00f3bvio, resulta das origens da SUBRAS.<br \/>\nEste Jornal de periodicidade mensal objetiva, atualmente, manter a comunidade informada dos acontecimentos pol\u00edticos, econ\u00f4micos, religiosos e sociais da Ucr\u00e2nia e do Brasil, al\u00e9m da manuten\u00e7\u00e3o do idioma ucraniano, visto ser editado com artigos em Ucraniano e em portugu\u00eas.<br \/>\nCom os mesmos objetivos do jornal, h\u00e1 mais de cinq\u00fcenta anos a SUBRAS mant\u00e9m um programa radiof\u00f4nico semanal, que teve sua atividade interrompida ano passado ante o fato de que a r\u00e1dio que o transmitia abruptamente deixou de faz\u00ea-lo pelo fato de ter sido adquirida por uma institui\u00e7\u00e3o religiosa que privilegiar\u00e1 programas desta natureza. Estamos em negocia\u00e7\u00f5es para buscar uma nova casa para nosso programa.<br \/>\nPara a manuten\u00e7\u00e3o do idioma a SUBRAS mant\u00e9m uma biblioteca com v\u00e1rios volumes de obras em ucraniano que permitem consulta a aspectos da hist\u00f3ria geral da Ucr\u00e2nia.<br \/>\nA SUBRAS mant\u00e9m de modo igual uma escola de l\u00edngua e folclore ucraniano que funciona a aproximadamente 50 anos dentro das instala\u00e7\u00f5es do clube, todos os s\u00e1bados. L\u00e1, nossas crian\u00e7as, a maioria descendente de imigrantes ucranianos e j\u00e1 em alguns casos na sexta gera\u00e7\u00e3o, aprendem a base da l\u00edngua, da cultura e do folclore (can\u00e7\u00f5es e dan\u00e7as).<br \/>\nAs tradi\u00e7\u00f5es folcl\u00f3ricas s\u00e3o mantidas na SUBRAS atrav\u00e9s do FOLCL\u00d3RE UCRANIANO BARV\u00cdNOK.<br \/>\nFundado em 1.930 o Folclore Ucraniano Barv\u00ednok \u00e9 o conjunto ucraniano mais antigo do Brasil.<br \/>\nS\u00e3o 78 anos de atividade, per\u00edodo em que o Barv\u00ednok tem se destacado na preserva\u00e7\u00e3o e divulga\u00e7\u00e3o do folclore ucraniano, atrav\u00e9s de suas dan\u00e7as e can\u00e7\u00f5es, obtendo amplo sucesso em apresenta\u00e7\u00f5es pelos Estados da Federa\u00e7\u00e3o.<br \/>\nEm 1.988, representando toda a comunidade ucraniana do Brasil, participou, nos Estados Unidos e Canad\u00e1, das comemora\u00e7\u00f5es do Mil\u00eanio da Cristianiza\u00e7\u00e3o da Ucr\u00e2nia, realizando apresenta\u00e7\u00f5es em dezesseis cidades destes pa\u00edses, destacando-se Chicago, Detroit, Nova York, Washington, Cleveland, Pittsburg, Toronto, Hamilton e Montreal.<br \/>\nEm 1992, 1993, 1996, 1998, 2002, 2005 E 2007, participou como convidado especial, da Middfest International, na cidade de Middletown, Ohio, E.U.A., tendo nestas oportunidades, como \u00fanico representante do Brasil, se apresentado juntamente com grupos vindos de v\u00e1rias partes do mundo Em 2002, na mesma festividade representou n\u00e3o somente o Brasil, como tamb\u00e9m a Ucr\u00e2nia.<br \/>\nCom aproximadamente 200 componentes, o conjunto de dan\u00e7as folcl\u00f3ricas est\u00e1 dividido em 03 categorias: juvenil, adulto e tendo tamb\u00e9m grande destaque, o coral.<br \/>\nDentre as atividades departamentais, a cultural \u00e9 representada pelo Museu que \u00e9 mantido dentro da SUBRAS e que possui um acervo precioso das artes ucranianas trazidas pelos imigrantes ou produzidas por eles j\u00e1 em solo brasileiro.<br \/>\nS\u00e3o, portanto, 86 anos de atividades, podendo se afirmar, sem d\u00favida, ser a entidade s\u00f3cio-cultural mais antiga dentre os imigrantes Ucranianos e que tem, atualmente os seus descendentes na luta di\u00e1ria para manter o seu patrim\u00f4nio f\u00edsico, cultural e social.<\/p>\n<h2>Sociedade dos Amigos da Cultura Ucraniana<\/h2>\n<p>Em 6 e 7 de julho de 1947 as lideran\u00e7as da comunidade ucraniana no Brasil reuniram-se  em Curitiba, na Rua Visconde do Rio Branco, 557, esquina com a Rua Martin Afonso, na antiga sede da ent\u00e3o Uni\u00e3o Agr\u00edcola Instrutiva, hoje Sociedade Ucraniana do Brasil.<a rel=\"lightbox[slb_591]\" href=\"http:\/\/www.rcub.com.br\/rcub\/wp-content\/uploads\/2011\/05\/tpuk.jpg\"><img loading=\"lazy\" class=\"alignright size-full wp-image-1473\" title=\"tpuk\" src=\"http:\/\/www.rcub.com.br\/rcub\/wp-content\/uploads\/2011\/05\/tpuk.jpg\" alt=\"\" width=\"512\" height=\"384\" srcset=\"http:\/\/www.rcub.com.br\/rcub\/wp-content\/uploads\/2011\/05\/tpuk.jpg 512w, http:\/\/www.rcub.com.br\/rcub\/wp-content\/uploads\/2011\/05\/tpuk-300x225.jpg 300w\" sizes=\"(max-width: 512px) 100vw, 512px\" \/><\/a> Reuniram-se no que chamaram \u201c\u0412\u0441\u0435\u0443\u043a\u0440\u0430\u0457\u043d\u0441\u044c\u043a\u0438\u0439 \u041a\u043e\u043d\u0433\u0440\u0435\u0441 \u0432 \u0411\u0440\u0430\u0437\u0438\u043b\u0456\u0456\u201d, Congresso Panucraniano no Brasil, para debater os novos rumos da comunidade, agora j\u00e1 com novo alento, pois a partir de 1946 j\u00e1 era Presidente Eurico Gaspar Dutra, e as perspectivas para os estrangeiros come\u00e7avam a melhorar.<\/p>\n<p><strong>Saiba mais:<\/strong> <a href=\"http:\/\/www.tpuk.com.br\/\" target=\"_blank\">tpuk.com.br<\/a><\/p>\n<h2>Sociedade Ucraniana Unifica\u00e7\u00e3o<\/h2>\n<p>A primeira entidade ucraniana formada em S\u00e3o Paulo, data de 08 de dezembro de 1929 &#8211; Ukra\u00ednski  Nar\u00f3dni  Soi\u00faz &#8211; registrada no Di\u00e1rio Oficial do Estado n\u00ba 1194 de fevereiro de 1930, tinha como principais objetivos auxiliar os s\u00f3cios no  desenvolvimento cultural, material e zelar pelos interesses da col\u00f4nia ucraniana de S\u00e3o  Paulo. Com o passar dos anos, o nome da entidade foi mudado  para &#8211; Vilna Ukra\u00edna &#8211; e posteriormente para Ukra\u00ednski Ossier\u00e9dok. Apesar das altera\u00e7\u00f5es de nome,a sociedade sempre foi muito ativa, realizando comemora\u00e7\u00f5es das datas  nacionais  ucranianas, organizando corais e grupos de teatro,  al\u00e9m de jornais e revistas em idioma ucraniano que circulavam pela comunidade.  Ao t\u00e9rmino da Segunda Guerra Mundial, chega uma  nova corrente imigrat\u00f3ria, que juntamente com os integrantes da sociedade  Ukra\u00ednski Ossier\u00e9dok, fundam a Sociedade Ucraniana Unifica\u00e7\u00e3o, registrada oficialmente em 1949.<br \/>\nMais Informa\u00e7\u00f5es:<a href=\"http:\/\/ucranianos.sites.uol.com.br\/\"> Clique Aqui.<\/a><\/p>\n<h2>Clube Poltava<\/h2>\n<p>Rua Par\u00e1, 1035 \u2013 \u00c1gua Verde &#8211; Curitiba &#8211; PR &#8211; Brasil. CEP 80610-020<br \/>\nPresidente Carlos Valdir Henze Jr.<a rel=\"lightbox[slb_591]\" href=\"http:\/\/www.rcub.com.br\/rcub\/wp-content\/uploads\/2011\/05\/poltava1.jpg\"><img loading=\"lazy\" class=\"aligncenter size-full wp-image-1475\" title=\"poltava\" src=\"http:\/\/www.rcub.com.br\/rcub\/wp-content\/uploads\/2011\/05\/poltava1.jpg\" alt=\"\" width=\"640\" height=\"480\" srcset=\"http:\/\/www.rcub.com.br\/rcub\/wp-content\/uploads\/2011\/05\/poltava1.jpg 640w, http:\/\/www.rcub.com.br\/rcub\/wp-content\/uploads\/2011\/05\/poltava1-300x225.jpg 300w, http:\/\/www.rcub.com.br\/rcub\/wp-content\/uploads\/2011\/05\/poltava1-610x457.jpg 610w\" sizes=\"(max-width: 640px) 100vw, 640px\" \/><\/a><br \/>\nO Grupo Folcl\u00f3rico Ucraniano Poltava foi fundado no dia 13 de junho de 1981, quando jovens descendentes de ucranianos, sentiram que em seus cora\u00e7\u00f5es pulsava incessantemente o mesmo ideal: reviver algo da riqu\u00edssima e milenar cultura ucraniana, seguindo assim, os passos de seus pais e av\u00f3s.<br \/>\nReuniram-se ent\u00e3o no Clube Poltava, em Curitiba, onde ensaiaram os primeiros passos daquele sonho que se realizava.<br \/>\nSua estr\u00e9ia ocorreu no dia 9 de outubro do ano seguinte, quando da inaugura\u00e7\u00e3o do Centro Religioso-Cultural Ucraniano Poltava.<br \/>\nTamanho foi o sucesso daquela primeira apresenta\u00e7\u00e3o, que, aquilo que foi id\u00e9ia, contagiou, frutificou, tomou corpo, desenvolveu-se, e hoje \u00e9 o Grupo Folcl\u00f3rico Ucraniano Poltava.<br \/>\nO nome Poltava deve-se \u00e0 cidade do mesmo nome, que al\u00e9m de ser uma das mais importantes da Ucr\u00e2nia, destaca-se como grande centro cultural da terra m\u00e3e.<br \/>\nO Poltava j\u00e1 tem 25 anos de ininterrupto trabalho na preserva\u00e7\u00e3o e divulga\u00e7\u00e3o da cultura ucraniana. Cultura esta manifestada atrav\u00e9s de seu grupo de dan\u00e7as infantil, juvenil e adulto, coral adulto e juvenil, capela de banduristas e orquestra, reunindo ao todo mais de 200 integrantes que investem seu momento de lazer em prol desse rico e milenar folclore.<br \/>\nPor ocasi\u00e3o dos 20 anos, recebeu das m\u00e3os do Embaixador da Ucr\u00e2nia no Brasil, Yuri Bohaievski um certificado emitido pelo Minist\u00e9rio da Cultura e Arte da Ucr\u00e2nia.<br \/>\nO grupo \u00e9 amador e, gra\u00e7as ao amor e \u00e0 dedica\u00e7\u00e3o dos integrantes e colaboradores, tem ampliado sua atua\u00e7\u00e3o para diversas outras \u00e1reas nas quais vem obtendo grande \u00eaxito.<br \/>\nMais informa\u00e7\u00f5es: <a href=\"http:\/\/www.poltava.com.br\/\">Clique aqui.<\/a><\/p>\n<h2>Associa\u00e7\u00e3o da Juventude Ucraniana Brasileira  &#8211; <a href=\"http:\/\/www.ajub.com.br\/\">AJUB<\/a><\/h2>\n<p><a rel=\"lightbox[slb_591]\" href=\"http:\/\/www.rcub.com.br\/rcub\/wp-content\/uploads\/2011\/05\/DSC073462.jpg\"><img loading=\"lazy\" class=\"alignleft size-full wp-image-1590\" title=\"DSC07346\" src=\"http:\/\/www.rcub.com.br\/rcub\/wp-content\/uploads\/2011\/05\/DSC073462.jpg\" alt=\"\" width=\"640\" height=\"480\" srcset=\"http:\/\/www.rcub.com.br\/rcub\/wp-content\/uploads\/2011\/05\/DSC073462.jpg 640w, http:\/\/www.rcub.com.br\/rcub\/wp-content\/uploads\/2011\/05\/DSC073462-300x225.jpg 300w, http:\/\/www.rcub.com.br\/rcub\/wp-content\/uploads\/2011\/05\/DSC073462-610x457.jpg 610w\" sizes=\"(max-width: 640px) 100vw, 640px\" \/><\/a><\/p>\n<p>A Associa\u00e7\u00e3o Juventude Ucra\u00edno-Brasileira \u00e9 uma entidade sem fins lucrativos, fundada e gerida por jovens descendentes e simpatizantes da cultura ucraniana no Brasil. A atividade essencial da entidade \u00e9 promover a cultura deixada pelos nossos antepassados auxiliando os jovens que lutam por este objetivo. No m\u00eas de fevereiro de 2011 realizou-se na cidade de Cruz Machado, Paran\u00e1, o XXXVIII congresso da entidade.<\/p>\n","protected":false},"excerpt":{"rendered":"<p>Sociedade Ucraniana do Brasil &#8211; SUBRAS Rua Augusto Stelfeld, 793\u00a0 CNPJ \u00a076573682\/0001-93 Presidente : Mirna Voloshen Departamentos: Grupo Folcl\u00f3rico Barvinok Museu Subotna Schola ( Escola do S\u00e1bado ) Organiza\u00e7\u00e3o Feminina [&hellip;]<\/p>\n","protected":false},"author":1,"featured_media":0,"parent":565,"menu_order":0,"comment_status":"closed","ping_status":"open","template":"","meta":[],"_links":{"self":[{"href":"http:\/\/www.rcub.com.br\/rcub\/wp-json\/wp\/v2\/pages\/591"}],"collection":[{"href":"http:\/\/www.rcub.com.br\/rcub\/wp-json\/wp\/v2\/pages"}],"about":[{"href":"http:\/\/www.rcub.com.br\/rcub\/wp-json\/wp\/v2\/types\/page"}],"author":[{"embeddable":true,"href":"http:\/\/www.rcub.com.br\/rcub\/wp-json\/wp\/v2\/users\/1"}],"replies":[{"embeddable":true,"href":"http:\/\/www.rcub.com.br\/rcub\/wp-json\/wp\/v2\/comments?post=591"}],"version-history":[{"count":26,"href":"http:\/\/www.rcub.com.br\/rcub\/wp-json\/wp\/v2\/pages\/591\/revisions"}],"predecessor-version":[{"id":2642,"href":"http:\/\/www.rcub.com.br\/rcub\/wp-json\/wp\/v2\/pages\/591\/revisions\/2642"}],"up":[{"embeddable":true,"href":"http:\/\/www.rcub.com.br\/rcub\/wp-json\/wp\/v2\/pages\/565"}],"wp:attachment":[{"href":"http:\/\/www.rcub.com.br\/rcub\/wp-json\/wp\/v2\/media?parent=591"}],"curies":[{"name":"wp","href":"https:\/\/api.w.org\/{rel}","templated":true}]}}