{"id":589,"date":"2011-05-16T15:57:51","date_gmt":"2011-05-16T18:57:51","guid":{"rendered":"http:\/\/www.rcub.com.br\/rcub\/?page_id=589"},"modified":"2025-06-01T17:16:38","modified_gmt":"2025-06-01T20:16:38","slug":"representacao-central","status":"publish","type":"page","link":"http:\/\/www.rcub.com.br\/rcub\/quem-somos\/representacao-central\/","title":{"rendered":"Representa\u00e7\u00e3o Central"},"content":{"rendered":"<h2><\/h2>\n<h2>Diretoria &#8211; Tri\u00eanio 2025-2028<\/h2>\n<p><strong>Presidente<\/strong> Roberto Andr\u00e9 Oresten,<\/p>\n<p><strong>1.\u00ba Vice Presidente :<\/strong>\u00a0 Jorge Rybka,<\/p>\n<p><strong>2.\u00ba Vice Presidente:<\/strong> Julia Regina Bordun Bertoldi;<\/p>\n<p><strong>3.\u00ba Vice Presidente: <\/strong>Oksana Jadvizak,<\/p>\n<p><strong>4.\u00ba Vice Presidente: <\/strong>Geovana Chokailo Padilha,<\/p>\n<p><strong>5.\u00ba Vice Presidente: <\/strong>L\u00facia Parastchuk Oszust. e<\/p>\n<p><strong>6.\u00ba Vice Presidente: <\/strong>Sonia Luzia Arendartchuk.<\/p>\n<p><strong>1.\u00ba Secret\u00e1rio <\/strong>: Ana Kovaliuk,<\/p>\n<p><strong>2.\u00ba. Secret\u00e1rio :<\/strong>Oleksandra Hrytsyna.<\/p>\n<p><strong>1.\u00ba Tesoureiro<\/strong>: Vera Alice Piaceski,<\/p>\n<p><strong>2.\u00ba. Tesoureiro: <\/strong>S\u00e9rgio Maciura,<\/p>\n<p><strong>Conselho Fiscal efetivos:<\/strong> Paulo Cezar Bilek,\u00a0 Lauro Cesar Preima, a\u00a0 Vera Niedzeliuk,\u00a0<strong> suplentes:<\/strong> Lorilei Breltrame, Ana Gaudeda Deneka, e Deborah Cristina Santos Sedor.<\/p>\n<h2>Diretoria &#8211; Tri\u00eanio 2022-2025<\/h2>\n<p><strong>Presidente:<\/strong> Advogado Vit\u00f3rio Sorotiuk (Curitiba-PR)<\/p>\n<p><strong>1\u02da Vice Presidente:<\/strong> C\u00f4nsul Honor\u00e1rio Engenheiro Jorge Rybka (S\u00e3o Paulo-SP)<br \/>\n<strong>2\u02da Vice Presidente:<\/strong> Advogado Roberto Andre Oresten\u00a0 (Curitiba-PR)<br \/>\n<strong>3\u02da Vice Presidente:<\/strong> C\u00f4nsul Honor\u00e1rio Mariano Czaikowski (Curitiba-PR)<br \/>\n<strong>4\u02da Vice Presidente:<\/strong> Secretaria Executiva Oliana Rezetiuk (Canoas-RS)<\/p>\n<p><strong>5.\u00ba Vice Presidente:<\/strong> Servidora P\u00fablica Federal Lecia Labas\u00a0 (Mafra-SC)<\/p>\n<p><strong>6\u00ba Vice Presidente:<\/strong> Comerci\u00e1rio Vilson Kotviski\u00a0 (Uni\u00e3o da Vit\u00f3ria &#8211; PR)<\/p>\n<p><strong>1. Secret\u00e1rio<\/strong> Pe. Elias Marinhuk\u00a0 (Curitiba-PR)<br \/>\n<strong>2. Secret\u00e1rio:<\/strong>\u00a0 Supervisora Recursos Humanos Lourdes Vasselek (Curitiba-PR)<\/p>\n<p><strong>1. Tesoureiro:<\/strong> Banc\u00e1rio Ivan Kuchpil (Curitiba-PR)<br \/>\n<strong>2. Tesoureiro:<\/strong> Tecnico de Informa\u00e7\u00e3o Rafael Julik Yokohama (Curitiba-PR)<\/p>\n<p><strong>Conselho Fiscal (Efetivos):\u00a0 \u00a0 <\/strong>Methodio Groxko, Jairo Oscar Nascimento e Victor Cordeiro dos Santos<br \/>\n<strong>Conselho Fiscal (Suplentes):<\/strong> Oksana Jadvijak, Douglas Anderson Martinuci e Bernardo Dakiw Piaceski<\/p>\n<h2>Diretorias Anteriores<\/h2>\n<p>Bi\u00eanio 2009-2010 e :<br \/>\n<strong>Presidente:<\/strong> Advogado Vit\u00f3rio Sorotiuk (Curitiba-PR)<\/p>\n<p><strong>1\u02da Vice Presidente:<\/strong> C\u00f4nsul Honor\u00e1rio Engenheiro Jorge Rybka (S\u00e3o Paulo-SP)<br \/>\n<strong>2\u02da Vice Presidente:<\/strong> Deputado Estadual M\u00e9dico Felipe Lucas (Irati-PR)<br \/>\n<strong>3\u02da Vice Presidente:<\/strong> Empres\u00e1rio Alexandre Schwec (Porto Alegre-RS)<br \/>\n<strong>4\u02da Vice Presidente:<\/strong> Vilson Jos\u00e9 Kotviski (Uni\u00e3o da Vit\u00f3ria-PR)<\/p>\n<p><strong>1. Secret\u00e1rio:<\/strong> Daniela Ivaniki (Curitiba-PR)<br \/>\n<strong>2. Secret\u00e1rio:<\/strong> Engenheiro Qu\u00edmico Wolodymyr Galat (Curitiba-PR)<\/p>\n<p><strong>1. Tesoureiro:<\/strong> Marcos Nogas (Curitiba-PR)<br \/>\n<strong>2. Tesoureiro:<\/strong> Contabilista Liceia Pasko Maidanchen (Curitiba-PR)<\/p>\n<p><strong>Conselho Fiscal (Efetivos): <\/strong>Julio Storuch, Augusto Colinski, Erhard Dubesky<br \/>\n<strong>Conselho Fiscal (Suplentes):<\/strong> Methodio Groxko, Peter Jedyn,Bohdan Chuiko<br \/>\n[jacc\/]<br \/>\nBi\u00eanio 2007-2008::<br \/>\n<strong>Presidente:<\/strong> Advogado Vit\u00f3rio Sorotiuk (Curitiba-PR)<\/p>\n<p><strong>1\u02da Vice Presidente:<\/strong> C\u00f4nsul Honor\u00e1rio Engenheiro Jorge Rybka (S\u00e3o Paulo-SP)<br \/>\n<strong>2\u02da Vice Presidente:<\/strong> Deputado Estadual M\u00e9dico Felipe Lucas (Irati-PR)<br \/>\n<strong>3\u02da Vice Presidente:<\/strong> Empres\u00e1rio Alexandre Schwec (Porto Alegre-RS)<br \/>\n<strong>4\u02da Vice Presidente:<\/strong> Secretaria Executiva Oliana Reszetiuk (Canoas-RS)<\/p>\n<p><strong>1. Secret\u00e1rio:<\/strong> Padre Nicolas Melus (Curitiba-PR)<br \/>\n<strong>2. Secret\u00e1rio:<\/strong> Engenheiro Qu\u00edmico Wolodymyr Galat (Curitiba-PR)<\/p>\n<p><strong>1. Tesoureiro:<\/strong> Representante Comercial Bas\u00edlio Muzeka (Curitiba-PR)<br \/>\n<strong>2. Tesoureiro:<\/strong> Contabilista Liceia Pasko Maidanchen (Curitiba-PR)<\/p>\n<p><strong>Conselho Fiscal (Efetivos): <\/strong>Julio Storuch, Augusto Colinski, Erhard Dubesky<br \/>\n<strong>Conselho Fiscal (Suplentes):<\/strong> Methodio Groxko, Peter Jedyn,Bohdan Chuiko<br \/>\n[\/jaccordion]<\/p>\n<h2>Estatuto<\/h2>\n<p>O estatuto da Representa\u00e7\u00e3o Central Ucraniano-Brasileira est\u00e1 dispon\u00edvel para download pelo bot\u00e3o abaixo:<\/p>\n<div align=\"center\" style=\"display:block;clear:both;margin:0;padding:0;\">\r\n   <table style=\"margin:0;table-layout:fixed;\" width=\"100%\" border=\"0\" cellspacing=\"0\" cellpadding=\"0\">\r\n     <tr valign=\"top\">\r\n       \r\n       <td width=\"33%\" align=\"left\" valign=\"top\" style=\"\"><div align=\"left\"  style=\"margin:0;padding:0;;\"><a   class=\"jbutton white large  iconized\" href=\"http:\/\/www.rcub.com.br\/rcub\/wp-content\/uploads\/2011\/05\/estatuto.pdf\"><span style=\"background:url(http:\/\/www.rcub.com.br\/rcub\/wp-content\/plugins\/j-shortcodes\/images\/20x20-download.png) no-repeat 0 45%;\">Download<\/span><\/a><\/div><\/td><td width=\"6\" style=\"margin:0;padding:0;\"><\/td><td width=\"6\" style=\"margin:0;padding:0;\"><\/td><td width=\"66%\" align=\"left\" valign=\"top\" style=\"\"><div align=\"left\"  style=\"margin:0;padding:0;;\"><div class=\"jbox yellow\" ><div  class=\"jbox-content\"><strong>Importante:<\/strong> para vizualizar o estatuto \u00e9 necess\u00e1rio o software Adobe Reader. Caso n\u00e3o o tenha \u00e9 poss\u00edvel fazer o download gratuitamente <a href=\"http:\/\/get.adobe.com\/br\/reader\/\" target=\"_blank\" rel=\"noopener\">aqui<\/a>.<\/div><\/div><\/div><\/td>\r\n       \r\n     <\/tr>\r\n   <\/table>\r\n<\/div>\n<h2>Ex-Presidentes<\/h2>\n<ul>\n<li><a href=\"http:\/\/www.rcub.com.br\/rcub\/wp-content\/uploads\/2011\/07\/ex-presidente-Afonso-Antoniuk.pdf\">Afonso Antoniuk<\/a><\/li>\n<li><a href=\"http:\/\/www.rcub.com.br\/rcub\/wp-content\/uploads\/2011\/07\/ex-presidente-Jose-Welgacz.pdf\">Jose Welgacz<\/a><\/li>\n<li><a href=\"http:\/\/www.rcub.com.br\/rcub\/wp-content\/uploads\/2011\/07\/ex-presidente-Mariano-Chaikowski.pdf\">Mariano Chaikowski<\/a><\/li>\n<li><a href=\"http:\/\/www.rcub.com.br\/rcub\/wp-content\/uploads\/2011\/07\/ex-presidente-Peter-Jedyn.pdf\">Peter Jedyn<\/a><\/li>\n<\/ul>\n<h2>Relat\u00f3rio de Atividades<\/h2>\n<ul>\n<li><a href=\"http:\/\/www.rcub.com.br\/rcub\/wp-content\/uploads\/2011\/05\/Relat\u00f3rio-de-atividades-2003-e-2004.pdf\">2003-2004<\/a><\/li>\n<li><a href=\"http:\/\/www.rcub.com.br\/rcub\/wp-content\/uploads\/2011\/05\/Relat\u00f3rio-de-atividades-2005-e-2006.pdf\">2005-2006<\/a><\/li>\n<li><a href=\"http:\/\/www.rcub.com.br\/rcub\/wp-content\/uploads\/2011\/05\/Relat\u00f3rio-de-atividades-2007-e-2008.pdf\">2007-2008<\/a><\/li>\n<li><a href=\"http:\/\/www.rcub.com.br\/rcub\/wp-content\/uploads\/2011\/05\/Relat\u00f3rio-de-atividades-2009-e-2010.pdf\">2009-2010<\/a><\/li>\n<\/ul>\n<h2>Hist\u00f3ria da Funda\u00e7\u00e3o<\/h2>\n<p><a rel=\"lightbox[slb_589]\" href=\"http:\/\/www.rcub.com.br\/rcub\/wp-content\/uploads\/2011\/05\/Rcbu-funda\u00e7\u00e3o-6.jpg\"><img loading=\"lazy\" class=\"alignleft size-thumbnail wp-image-2096\" title=\"Rcbu funda\u00e7\u00e3o 6\" src=\"http:\/\/www.rcub.com.br\/rcub\/wp-content\/uploads\/2011\/05\/Rcbu-funda\u00e7\u00e3o-6-150x150.jpg\" alt=\"\" width=\"150\" height=\"150\" srcset=\"http:\/\/www.rcub.com.br\/rcub\/wp-content\/uploads\/2011\/05\/Rcbu-funda\u00e7\u00e3o-6-150x150.jpg 150w, http:\/\/www.rcub.com.br\/rcub\/wp-content\/uploads\/2011\/05\/Rcbu-funda\u00e7\u00e3o-6-61x61.jpg 61w, http:\/\/www.rcub.com.br\/rcub\/wp-content\/uploads\/2011\/05\/Rcbu-funda\u00e7\u00e3o-6-45x45.jpg 45w, http:\/\/www.rcub.com.br\/rcub\/wp-content\/uploads\/2011\/05\/Rcbu-funda\u00e7\u00e3o-6-109x109.jpg 109w\" sizes=\"(max-width: 150px) 100vw, 150px\" \/><\/a><a rel=\"lightbox[slb_589]\" href=\"http:\/\/www.rcub.com.br\/rcub\/wp-content\/uploads\/2011\/05\/Rcbu-funda\u00e7\u00e3o-7.jpg\"><img loading=\"lazy\" class=\"alignleft size-thumbnail wp-image-2097\" title=\"Rcbu funda\u00e7\u00e3o 7\" src=\"http:\/\/www.rcub.com.br\/rcub\/wp-content\/uploads\/2011\/05\/Rcbu-funda\u00e7\u00e3o-7-150x150.jpg\" alt=\"\" width=\"150\" height=\"150\" srcset=\"http:\/\/www.rcub.com.br\/rcub\/wp-content\/uploads\/2011\/05\/Rcbu-funda\u00e7\u00e3o-7-150x150.jpg 150w, http:\/\/www.rcub.com.br\/rcub\/wp-content\/uploads\/2011\/05\/Rcbu-funda\u00e7\u00e3o-7-61x61.jpg 61w, http:\/\/www.rcub.com.br\/rcub\/wp-content\/uploads\/2011\/05\/Rcbu-funda\u00e7\u00e3o-7-45x45.jpg 45w, http:\/\/www.rcub.com.br\/rcub\/wp-content\/uploads\/2011\/05\/Rcbu-funda\u00e7\u00e3o-7-109x109.jpg 109w\" sizes=\"(max-width: 150px) 100vw, 150px\" \/><\/a><a rel=\"lightbox[slb_589]\" href=\"http:\/\/www.rcub.com.br\/rcub\/wp-content\/uploads\/2011\/05\/Rcbu-funda\u00e7\u00e3o-8.jpg\"><img loading=\"lazy\" class=\"alignleft size-thumbnail wp-image-2098\" title=\"Rcbu funda\u00e7\u00e3o 8\" src=\"http:\/\/www.rcub.com.br\/rcub\/wp-content\/uploads\/2011\/05\/Rcbu-funda\u00e7\u00e3o-8-150x150.jpg\" alt=\"\" width=\"150\" height=\"150\" srcset=\"http:\/\/www.rcub.com.br\/rcub\/wp-content\/uploads\/2011\/05\/Rcbu-funda\u00e7\u00e3o-8-150x150.jpg 150w, http:\/\/www.rcub.com.br\/rcub\/wp-content\/uploads\/2011\/05\/Rcbu-funda\u00e7\u00e3o-8-61x61.jpg 61w, http:\/\/www.rcub.com.br\/rcub\/wp-content\/uploads\/2011\/05\/Rcbu-funda\u00e7\u00e3o-8-45x45.jpg 45w, http:\/\/www.rcub.com.br\/rcub\/wp-content\/uploads\/2011\/05\/Rcbu-funda\u00e7\u00e3o-8-109x109.jpg 109w\" sizes=\"(max-width: 150px) 100vw, 150px\" \/><\/a><\/p>\n<p>Fotos do Ato de Funda\u00e7\u00e3o<\/p>\n<p><a rel=\"lightbox[slb_589]\" href=\"http:\/\/www.rcub.com.br\/rcub\/wp-content\/uploads\/2011\/05\/Rcbu-funda\u00e7\u00e3o-1.jpg\"><img loading=\"lazy\" class=\"alignleft size-thumbnail wp-image-2100\" title=\"Rcbu funda\u00e7\u00e3o 1\" src=\"http:\/\/www.rcub.com.br\/rcub\/wp-content\/uploads\/2011\/05\/Rcbu-funda\u00e7\u00e3o-1-150x150.jpg\" alt=\"\" width=\"150\" height=\"150\" srcset=\"http:\/\/www.rcub.com.br\/rcub\/wp-content\/uploads\/2011\/05\/Rcbu-funda\u00e7\u00e3o-1-150x150.jpg 150w, http:\/\/www.rcub.com.br\/rcub\/wp-content\/uploads\/2011\/05\/Rcbu-funda\u00e7\u00e3o-1-61x61.jpg 61w, http:\/\/www.rcub.com.br\/rcub\/wp-content\/uploads\/2011\/05\/Rcbu-funda\u00e7\u00e3o-1-45x45.jpg 45w, http:\/\/www.rcub.com.br\/rcub\/wp-content\/uploads\/2011\/05\/Rcbu-funda\u00e7\u00e3o-1-109x109.jpg 109w\" sizes=\"(max-width: 150px) 100vw, 150px\" \/><\/a><a rel=\"lightbox[slb_589]\" href=\"http:\/\/www.rcub.com.br\/rcub\/wp-content\/uploads\/2011\/05\/Rcbu-funda\u00e7\u00e3o-2.jpg\"><img loading=\"lazy\" class=\"alignleft size-thumbnail wp-image-2101\" title=\"Rcbu funda\u00e7\u00e3o 2\" src=\"http:\/\/www.rcub.com.br\/rcub\/wp-content\/uploads\/2011\/05\/Rcbu-funda\u00e7\u00e3o-2-150x150.jpg\" alt=\"\" width=\"150\" height=\"150\" srcset=\"http:\/\/www.rcub.com.br\/rcub\/wp-content\/uploads\/2011\/05\/Rcbu-funda\u00e7\u00e3o-2-150x150.jpg 150w, http:\/\/www.rcub.com.br\/rcub\/wp-content\/uploads\/2011\/05\/Rcbu-funda\u00e7\u00e3o-2-61x61.jpg 61w, http:\/\/www.rcub.com.br\/rcub\/wp-content\/uploads\/2011\/05\/Rcbu-funda\u00e7\u00e3o-2-45x45.jpg 45w, http:\/\/www.rcub.com.br\/rcub\/wp-content\/uploads\/2011\/05\/Rcbu-funda\u00e7\u00e3o-2-109x109.jpg 109w\" sizes=\"(max-width: 150px) 100vw, 150px\" \/><\/a><a rel=\"lightbox[slb_589]\" href=\"http:\/\/www.rcub.com.br\/rcub\/wp-content\/uploads\/2011\/05\/Rcbu-funda\u00e7\u00e3o-3.jpg\"><img loading=\"lazy\" class=\"alignleft size-thumbnail wp-image-2102\" title=\"Rcbu funda\u00e7\u00e3o 3\" src=\"http:\/\/www.rcub.com.br\/rcub\/wp-content\/uploads\/2011\/05\/Rcbu-funda\u00e7\u00e3o-3-150x150.jpg\" alt=\"\" width=\"150\" height=\"150\" srcset=\"http:\/\/www.rcub.com.br\/rcub\/wp-content\/uploads\/2011\/05\/Rcbu-funda\u00e7\u00e3o-3-150x150.jpg 150w, http:\/\/www.rcub.com.br\/rcub\/wp-content\/uploads\/2011\/05\/Rcbu-funda\u00e7\u00e3o-3-61x61.jpg 61w, http:\/\/www.rcub.com.br\/rcub\/wp-content\/uploads\/2011\/05\/Rcbu-funda\u00e7\u00e3o-3-45x45.jpg 45w, http:\/\/www.rcub.com.br\/rcub\/wp-content\/uploads\/2011\/05\/Rcbu-funda\u00e7\u00e3o-3-109x109.jpg 109w\" sizes=\"(max-width: 150px) 100vw, 150px\" \/><\/a><\/p>\n<p><a rel=\"lightbox[slb_589]\" href=\"http:\/\/www.rcub.com.br\/rcub\/wp-content\/uploads\/2011\/05\/Rcbu-funda\u00e7\u00e3o-4.jpg\"><img loading=\"lazy\" class=\"alignleft size-thumbnail wp-image-2103\" title=\"Rcbu funda\u00e7\u00e3o 4\" src=\"http:\/\/www.rcub.com.br\/rcub\/wp-content\/uploads\/2011\/05\/Rcbu-funda\u00e7\u00e3o-4-150x150.jpg\" alt=\"\" width=\"150\" height=\"150\" srcset=\"http:\/\/www.rcub.com.br\/rcub\/wp-content\/uploads\/2011\/05\/Rcbu-funda\u00e7\u00e3o-4-150x150.jpg 150w, http:\/\/www.rcub.com.br\/rcub\/wp-content\/uploads\/2011\/05\/Rcbu-funda\u00e7\u00e3o-4-61x61.jpg 61w, http:\/\/www.rcub.com.br\/rcub\/wp-content\/uploads\/2011\/05\/Rcbu-funda\u00e7\u00e3o-4-45x45.jpg 45w, http:\/\/www.rcub.com.br\/rcub\/wp-content\/uploads\/2011\/05\/Rcbu-funda\u00e7\u00e3o-4-109x109.jpg 109w\" sizes=\"(max-width: 150px) 100vw, 150px\" \/><\/a><a rel=\"lightbox[slb_589]\" href=\"http:\/\/www.rcub.com.br\/rcub\/wp-content\/uploads\/2011\/05\/Rcbu-funda\u00e7\u00e3o-5.jpg\"><img loading=\"lazy\" class=\"alignright size-thumbnail wp-image-2104\" title=\"Rcbu funda\u00e7\u00e3o 5\" src=\"http:\/\/www.rcub.com.br\/rcub\/wp-content\/uploads\/2011\/05\/Rcbu-funda\u00e7\u00e3o-5-150x150.jpg\" alt=\"\" width=\"150\" height=\"150\" srcset=\"http:\/\/www.rcub.com.br\/rcub\/wp-content\/uploads\/2011\/05\/Rcbu-funda\u00e7\u00e3o-5-150x150.jpg 150w, http:\/\/www.rcub.com.br\/rcub\/wp-content\/uploads\/2011\/05\/Rcbu-funda\u00e7\u00e3o-5-61x61.jpg 61w, http:\/\/www.rcub.com.br\/rcub\/wp-content\/uploads\/2011\/05\/Rcbu-funda\u00e7\u00e3o-5-45x45.jpg 45w, http:\/\/www.rcub.com.br\/rcub\/wp-content\/uploads\/2011\/05\/Rcbu-funda\u00e7\u00e3o-5-109x109.jpg 109w\" sizes=\"(max-width: 150px) 100vw, 150px\" \/><\/a><\/p>\n","protected":false},"excerpt":{"rendered":"<p>Diretoria &#8211; Tri\u00eanio 2025-2028 Presidente Roberto Andr\u00e9 Oresten, 1.\u00ba Vice Presidente :\u00a0 Jorge Rybka, 2.\u00ba Vice Presidente: Julia Regina Bordun Bertoldi; 3.\u00ba Vice Presidente: Oksana Jadvizak, 4.\u00ba Vice Presidente: Geovana [&hellip;]<\/p>\n","protected":false},"author":1,"featured_media":0,"parent":565,"menu_order":0,"comment_status":"closed","ping_status":"open","template":"","meta":[],"_links":{"self":[{"href":"http:\/\/www.rcub.com.br\/rcub\/wp-json\/wp\/v2\/pages\/589"}],"collection":[{"href":"http:\/\/www.rcub.com.br\/rcub\/wp-json\/wp\/v2\/pages"}],"about":[{"href":"http:\/\/www.rcub.com.br\/rcub\/wp-json\/wp\/v2\/types\/page"}],"author":[{"embeddable":true,"href":"http:\/\/www.rcub.com.br\/rcub\/wp-json\/wp\/v2\/users\/1"}],"replies":[{"embeddable":true,"href":"http:\/\/www.rcub.com.br\/rcub\/wp-json\/wp\/v2\/comments?post=589"}],"version-history":[{"count":54,"href":"http:\/\/www.rcub.com.br\/rcub\/wp-json\/wp\/v2\/pages\/589\/revisions"}],"predecessor-version":[{"id":2875,"href":"http:\/\/www.rcub.com.br\/rcub\/wp-json\/wp\/v2\/pages\/589\/revisions\/2875"}],"up":[{"embeddable":true,"href":"http:\/\/www.rcub.com.br\/rcub\/wp-json\/wp\/v2\/pages\/565"}],"wp:attachment":[{"href":"http:\/\/www.rcub.com.br\/rcub\/wp-json\/wp\/v2\/media?parent=589"}],"curies":[{"name":"wp","href":"https:\/\/api.w.org\/{rel}","templated":true}]}}