{"id":580,"date":"2011-05-16T15:29:25","date_gmt":"2011-05-16T18:29:25","guid":{"rendered":"http:\/\/www.rcub.com.br\/rcub\/?page_id=580"},"modified":"2021-01-23T16:51:35","modified_gmt":"2021-01-23T19:51:35","slug":"contato","status":"publish","type":"page","link":"http:\/\/www.rcub.com.br\/rcub\/contato\/","title":{"rendered":"Fale Conosco"},"content":{"rendered":"<h2>Endere\u00e7o<\/h2>\n<p>Representa\u00e7\u00e3o Central Ucraniano Brasileira<\/p>\n<p>Rua Augusto Stelfelld, 795<\/p>\n<p>80.410-140 &#8211; Curitiba &#8211; PR<\/p>\n<h2>Contato<\/h2>\n<p>Fone: (41) 99981 5402<br \/>\n<a href=\"mailto:rcucranianobrasileira@gmail.com\">rcubras@gmail.com<\/a><\/p>\n<h2>Envie Sua Mensagem<\/h2>\n","protected":false},"excerpt":{"rendered":"<p>Endere\u00e7o Representa\u00e7\u00e3o Central Ucraniano Brasileira Rua Augusto Stelfelld, 795 80.410-140 &#8211; Curitiba &#8211; PR Contato Fone: (41) 99981 5402 rcubras@gmail.com Envie Sua Mensagem<\/p>\n","protected":false},"author":1,"featured_media":0,"parent":0,"menu_order":0,"comment_status":"closed","ping_status":"open","template":"template-contact.php","meta":[],"_links":{"self":[{"href":"http:\/\/www.rcub.com.br\/rcub\/wp-json\/wp\/v2\/pages\/580"}],"collection":[{"href":"http:\/\/www.rcub.com.br\/rcub\/wp-json\/wp\/v2\/pages"}],"about":[{"href":"http:\/\/www.rcub.com.br\/rcub\/wp-json\/wp\/v2\/types\/page"}],"author":[{"embeddable":true,"href":"http:\/\/www.rcub.com.br\/rcub\/wp-json\/wp\/v2\/users\/1"}],"replies":[{"embeddable":true,"href":"http:\/\/www.rcub.com.br\/rcub\/wp-json\/wp\/v2\/comments?post=580"}],"version-history":[{"count":11,"href":"http:\/\/www.rcub.com.br\/rcub\/wp-json\/wp\/v2\/pages\/580\/revisions"}],"predecessor-version":[{"id":2143,"href":"http:\/\/www.rcub.com.br\/rcub\/wp-json\/wp\/v2\/pages\/580\/revisions\/2143"}],"wp:attachment":[{"href":"http:\/\/www.rcub.com.br\/rcub\/wp-json\/wp\/v2\/media?parent=580"}],"curies":[{"name":"wp","href":"https:\/\/api.w.org\/{rel}","templated":true}]}}