{"id":576,"date":"2011-05-16T15:29:01","date_gmt":"2011-05-16T18:29:01","guid":{"rendered":"http:\/\/www.rcub.com.br\/rcub\/?page_id=576"},"modified":"2011-05-30T16:41:33","modified_gmt":"2011-05-30T19:41:33","slug":"servicos","status":"publish","type":"page","link":"http:\/\/www.rcub.com.br\/rcub\/servicos\/","title":{"rendered":"Servi\u00e7os"},"content":{"rendered":"<p>A Representa\u00e7\u00e3o Central Ucraniano Brasileira \u00e9 respons\u00e1vel por diversas liga\u00e7\u00f5es entre a Ucr\u00e2nia e o Brasil, entre eles, a cria\u00e7\u00e3o da Carteira de Ucraniano no Exterior, documento que reconhece os descendentes de ucranianos como cidad\u00e3os da Ucr\u00e2nia. Al\u00e9m disso, cabe a RCUB se certificar da plena execu\u00e7\u00e3o de projetos ligados \u00e0 comunidade e incentivar melhorias nas cidades com presen\u00e7a ucraniana.<\/p>\n<p>&nbsp;<\/p>\n<p>Saiba mais sobre os servi\u00e7os da RCUB:<\/p>\n<ul>\n<li><a href=\"http:\/\/www.rcub.com.br\/rcub\/servicos\/carteira-de-ucraniano-no-exterior\/\">Carteira de Ucraniano no Exterior<\/a><\/li>\n<li><a href=\"http:\/\/www.rcub.com.br\/rcub\/servicos\/embaixadas-e-consulados\/\">Embaixadas e Consulados<\/a><\/li>\n<\/ul>\n","protected":false},"excerpt":{"rendered":"<p>A Representa\u00e7\u00e3o Central Ucraniano Brasileira \u00e9 respons\u00e1vel por diversas liga\u00e7\u00f5es entre a Ucr\u00e2nia e o Brasil, entre eles, a cria\u00e7\u00e3o da Carteira de Ucraniano no Exterior, documento que reconhece os [&hellip;]<\/p>\n","protected":false},"author":1,"featured_media":0,"parent":0,"menu_order":0,"comment_status":"closed","ping_status":"open","template":"","meta":[],"_links":{"self":[{"href":"http:\/\/www.rcub.com.br\/rcub\/wp-json\/wp\/v2\/pages\/576"}],"collection":[{"href":"http:\/\/www.rcub.com.br\/rcub\/wp-json\/wp\/v2\/pages"}],"about":[{"href":"http:\/\/www.rcub.com.br\/rcub\/wp-json\/wp\/v2\/types\/page"}],"author":[{"embeddable":true,"href":"http:\/\/www.rcub.com.br\/rcub\/wp-json\/wp\/v2\/users\/1"}],"replies":[{"embeddable":true,"href":"http:\/\/www.rcub.com.br\/rcub\/wp-json\/wp\/v2\/comments?post=576"}],"version-history":[{"count":6,"href":"http:\/\/www.rcub.com.br\/rcub\/wp-json\/wp\/v2\/pages\/576\/revisions"}],"predecessor-version":[{"id":1041,"href":"http:\/\/www.rcub.com.br\/rcub\/wp-json\/wp\/v2\/pages\/576\/revisions\/1041"}],"wp:attachment":[{"href":"http:\/\/www.rcub.com.br\/rcub\/wp-json\/wp\/v2\/media?parent=576"}],"curies":[{"name":"wp","href":"https:\/\/api.w.org\/{rel}","templated":true}]}}