{"id":572,"date":"2011-05-16T15:28:34","date_gmt":"2011-05-16T18:28:34","guid":{"rendered":"http:\/\/www.rcub.com.br\/rcub\/?page_id=572"},"modified":"2011-05-30T15:30:32","modified_gmt":"2011-05-30T18:30:32","slug":"cultura","status":"publish","type":"page","link":"http:\/\/www.rcub.com.br\/rcub\/cultura\/","title":{"rendered":"Cultura"},"content":{"rendered":"<p>A cultura ucraniana sempre foi conhecida pelo artesanato, que inclui a arte na decora\u00e7\u00e3o de ovos, as famosas p\u00eassankas, e os bordados. Conhe\u00e7a um pouco mais sobre a cultura de um pa\u00eds rico, fortemente influenciado por pa\u00edses vizinhos, mas que conseguiu criar um estilo pr\u00f3prio e \u00fanico em suas dan\u00e7as, artesanato e cultura em geral.<\/p>\n<p><strong>Saiba mais sobre a Cultura Ucraniana:<br \/>\n<\/strong><\/p>\n<ul>\n<li><a href=\"http:\/\/www.rcub.com.br\/rcub\/cultura\/igrejas\/\">Religiao<\/a><\/li>\n<li><a href=\"http:\/\/www.rcub.com.br\/rcub\/cultura\/museus\/\">Museus<\/a><\/li>\n<li><a href=\"http:\/\/www.rcub.com.br\/rcub\/cultura\/grupos-folcloricos\/\">Grupos Folcl\u00f3ricos<\/a><\/li>\n<li><a href=\"http:\/\/www.rcub.com.br\/rcub\/cultura\/artesanato\/\">Artesanato<\/a><\/li>\n<li><a href=\"http:\/\/www.rcub.com.br\/rcub\/cultura\/gastronomia\/\">Gastronomia<\/a><\/li>\n<li><a href=\"http:\/\/www.rcub.com.br\/rcub\/cultura\/personalidades\/\">Personalidades<\/a><\/li>\n<\/ul>\n","protected":false},"excerpt":{"rendered":"<p>A cultura ucraniana sempre foi conhecida pelo artesanato, que inclui a arte na decora\u00e7\u00e3o de ovos, as famosas p\u00eassankas, e os bordados. Conhe\u00e7a um pouco mais sobre a cultura de [&hellip;]<\/p>\n","protected":false},"author":1,"featured_media":0,"parent":0,"menu_order":0,"comment_status":"closed","ping_status":"open","template":"","meta":[],"_links":{"self":[{"href":"http:\/\/www.rcub.com.br\/rcub\/wp-json\/wp\/v2\/pages\/572"}],"collection":[{"href":"http:\/\/www.rcub.com.br\/rcub\/wp-json\/wp\/v2\/pages"}],"about":[{"href":"http:\/\/www.rcub.com.br\/rcub\/wp-json\/wp\/v2\/types\/page"}],"author":[{"embeddable":true,"href":"http:\/\/www.rcub.com.br\/rcub\/wp-json\/wp\/v2\/users\/1"}],"replies":[{"embeddable":true,"href":"http:\/\/www.rcub.com.br\/rcub\/wp-json\/wp\/v2\/comments?post=572"}],"version-history":[{"count":6,"href":"http:\/\/www.rcub.com.br\/rcub\/wp-json\/wp\/v2\/pages\/572\/revisions"}],"predecessor-version":[{"id":1021,"href":"http:\/\/www.rcub.com.br\/rcub\/wp-json\/wp\/v2\/pages\/572\/revisions\/1021"}],"wp:attachment":[{"href":"http:\/\/www.rcub.com.br\/rcub\/wp-json\/wp\/v2\/media?parent=572"}],"curies":[{"name":"wp","href":"https:\/\/api.w.org\/{rel}","templated":true}]}}