{"id":565,"date":"2011-05-09T14:53:35","date_gmt":"2011-05-09T17:53:35","guid":{"rendered":"http:\/\/www.rcub.com.br\/rcub\/?page_id=565"},"modified":"2025-06-01T17:06:54","modified_gmt":"2025-06-01T20:06:54","slug":"quem-somos","status":"publish","type":"page","link":"http:\/\/www.rcub.com.br\/rcub\/quem-somos\/","title":{"rendered":"Quem Somos"},"content":{"rendered":"<h1>Funda\u00e7\u00e3o da RCUB<\/h1>\n<p>Participaram da Assembl\u00e9ia Preliminar de funda\u00e7\u00e3o da entidade, realizada em 23.03.1985, Peter Savaryn Presidente do Secretariado dos Ucranianos Livres e sua esposa Olga Savaryn.<\/p>\n<p>Consta do artigo 46 do estatuto de funda\u00e7\u00e3o da Representa\u00e7\u00e3o Central Ucraniano-Brasileira cuja Assembl\u00e9ia Geral foi realizada em 23.03.1985 que Dom Efraim Basilio Krevey, Nicolas Melus, Nadia Kerecuk, Miguel Rubinets, Hilario Besrutchka, Bogdan Savytzky, Regina Rubinetz, Wasyl Czmyr, Eugenia Bokalowski Mazepa, Peter Jedyn, Ivan Mykolich, Nicolau Hec, Oleg Shymanskyj, Jo\u00e3o Kindra, Bodan Bilynski, Nicolau Dirjawoj, Afonso Antoniuk, Ewaldo Podolan, Peter Savaryn e Olga Savarin participaram da Assembl\u00e9ia Preliminar de 8 de Janeiro de 1985 que teve lugar \u00e0 Rua Augusto Stellfeld, 799, em Curitiba, Paran\u00e1, que elegeu a Comiss\u00e3o Estatut\u00e1ria e decidiu pela cria\u00e7\u00e3o da Representa\u00e7\u00e3o Central Ucraniano-Brasileira.<\/p>\n<p>O primeiro presidente eleito foi o m\u00e9dico Afonso Antoniuk. \u2013 23\/03\/1985 a 7\/10\/1989.<\/p>\n<p>O segundo Mariano Czaikowski presidiu a Representa\u00e7\u00e3o Central Ucraniano-Brasileira no per\u00edodo de 7\/10\/1989 a 19\/12\/1992.<\/p>\n<p>Peter Jedyn presidiu a Representa\u00e7\u00e3o Central Ucraniano-Brasileira no per\u00edodo de 19\/12\/1992 a 8\/04\/1995.<\/p>\n<p>Jose Wlgacz Junior presidiu a Representa\u00e7\u00e3o Central Ucraniano-Brasileira no per\u00edodo de 8\/04\/1995 a 29\/11\/2002.<\/p>\n<p>Vit\u00f3rio Sorotiuk Presidiu a Representa\u00e7\u00e3o Central Ucraniano-Brasileira no per\u00edodo de 29\/11\/2002 a 23\/03\/2025<\/p>\n<p>O atual presidente \u00e9 o advogado Roberto Andr\u00e9 Oresten desde 23\/03\/2025.<\/p>\n<p><strong>Saiba mais sobre a RCUB:<\/strong><\/p>\n<ul>\n<li><a href=\"http:\/\/www.rcub.com.br\/rcub\/quem-somos\/representacao-central\/\">Representa\u00e7\u00e3o Central,0<\/a><\/li>\n<li><a href=\"http:\/\/www.rcub.com.br\/rcub\/quem-somos\/sociedades-ucranianas\/\">Sociedades Ucranianas<\/a><\/li>\n<\/ul>\n","protected":false},"excerpt":{"rendered":"<p>Funda\u00e7\u00e3o da RCUB Participaram da Assembl\u00e9ia Preliminar de funda\u00e7\u00e3o da entidade, realizada em 23.03.1985, Peter Savaryn Presidente do Secretariado dos Ucranianos Livres e sua esposa Olga Savaryn. Consta do artigo [&hellip;]<\/p>\n","protected":false},"author":1,"featured_media":0,"parent":0,"menu_order":0,"comment_status":"closed","ping_status":"open","template":"","meta":[],"_links":{"self":[{"href":"http:\/\/www.rcub.com.br\/rcub\/wp-json\/wp\/v2\/pages\/565"}],"collection":[{"href":"http:\/\/www.rcub.com.br\/rcub\/wp-json\/wp\/v2\/pages"}],"about":[{"href":"http:\/\/www.rcub.com.br\/rcub\/wp-json\/wp\/v2\/types\/page"}],"author":[{"embeddable":true,"href":"http:\/\/www.rcub.com.br\/rcub\/wp-json\/wp\/v2\/users\/1"}],"replies":[{"embeddable":true,"href":"http:\/\/www.rcub.com.br\/rcub\/wp-json\/wp\/v2\/comments?post=565"}],"version-history":[{"count":9,"href":"http:\/\/www.rcub.com.br\/rcub\/wp-json\/wp\/v2\/pages\/565\/revisions"}],"predecessor-version":[{"id":2872,"href":"http:\/\/www.rcub.com.br\/rcub\/wp-json\/wp\/v2\/pages\/565\/revisions\/2872"}],"wp:attachment":[{"href":"http:\/\/www.rcub.com.br\/rcub\/wp-json\/wp\/v2\/media?parent=565"}],"curies":[{"name":"wp","href":"https:\/\/api.w.org\/{rel}","templated":true}]}}