{"id":1868,"date":"2011-08-12T08:42:49","date_gmt":"2011-08-12T11:42:49","guid":{"rendered":"http:\/\/www.rcub.com.br\/rcub\/?page_id=1868"},"modified":"2023-02-15T09:26:53","modified_gmt":"2023-02-15T12:26:53","slug":"jornais","status":"publish","type":"page","link":"http:\/\/www.rcub.com.br\/rcub\/quem-somos\/jornais\/","title":{"rendered":"Jornais"},"content":{"rendered":"\n<p><strong>BRASIL &#8211;<\/strong> <\/p>\n\n\n\n<p>Xliborob &#8211; Tenha acesso \u00e0s edi\u00e7\u00f5es em : https:\/\/issuu.com\/subras<\/p>\n\n\n\n<p>Jornal Pracia : Tenha acesso \u00e0s edi\u00e7\u00f5es em : https:\/\/www.graficaprudentopolis.com.br\/jornal-pracia.php<\/p>\n\n\n\n<p><strong>UCR\u00c2NIA <\/strong><\/p>\n\n\n\n<p>Ukrainska Pravda &#8211; \u0423\u043a\u0440\u0430\u0456\u043d\u0441\u044c\u043a\u0430 \u041f\u0440\u0430\u0432\u0434\u0430 &#8211; : https:\/\/www.pravda.com.ua\/<\/p>\n\n\n\n<p>Hrodamanske Telebatchnia &#8211; \u0413\u0440\u043e\u043c\u0430\u0434\u044f\u043d\u0441\u044c\u043a\u0435 \u0422\u0435\u043b\u0435\u0431\u0430\u0447\u043d\u044f : https:\/\/hromadske.ua\/<\/p>\n\n\n\n<p>Kyiv Post :  https:\/\/www.kyivpost.com\/<\/p>\n\n\n\n<p>BBC : https:\/\/www.bbc.com\/ukrainian<\/p>\n\n\n\n<p><\/p>\n","protected":false},"excerpt":{"rendered":"<p>BRASIL &#8211; Xliborob &#8211; Tenha acesso \u00e0s edi\u00e7\u00f5es em : https:\/\/issuu.com\/subras Jornal Pracia : Tenha acesso \u00e0s edi\u00e7\u00f5es em : https:\/\/www.graficaprudentopolis.com.br\/jornal-pracia.php UCR\u00c2NIA Ukrainska Pravda &#8211; \u0423\u043a\u0440\u0430\u0456\u043d\u0441\u044c\u043a\u0430 \u041f\u0440\u0430\u0432\u0434\u0430 &#8211; : https:\/\/www.pravda.com.ua\/ [&hellip;]<\/p>\n","protected":false},"author":1,"featured_media":0,"parent":565,"menu_order":0,"comment_status":"open","ping_status":"open","template":"","meta":[],"_links":{"self":[{"href":"http:\/\/www.rcub.com.br\/rcub\/wp-json\/wp\/v2\/pages\/1868"}],"collection":[{"href":"http:\/\/www.rcub.com.br\/rcub\/wp-json\/wp\/v2\/pages"}],"about":[{"href":"http:\/\/www.rcub.com.br\/rcub\/wp-json\/wp\/v2\/types\/page"}],"author":[{"embeddable":true,"href":"http:\/\/www.rcub.com.br\/rcub\/wp-json\/wp\/v2\/users\/1"}],"replies":[{"embeddable":true,"href":"http:\/\/www.rcub.com.br\/rcub\/wp-json\/wp\/v2\/comments?post=1868"}],"version-history":[{"count":12,"href":"http:\/\/www.rcub.com.br\/rcub\/wp-json\/wp\/v2\/pages\/1868\/revisions"}],"predecessor-version":[{"id":2832,"href":"http:\/\/www.rcub.com.br\/rcub\/wp-json\/wp\/v2\/pages\/1868\/revisions\/2832"}],"up":[{"embeddable":true,"href":"http:\/\/www.rcub.com.br\/rcub\/wp-json\/wp\/v2\/pages\/565"}],"wp:attachment":[{"href":"http:\/\/www.rcub.com.br\/rcub\/wp-json\/wp\/v2\/media?parent=1868"}],"curies":[{"name":"wp","href":"https:\/\/api.w.org\/{rel}","templated":true}]}}