{"id":1492,"date":"2011-07-26T13:09:12","date_gmt":"2011-07-26T16:09:12","guid":{"rendered":"http:\/\/www.rcub.com.br\/rcub\/?page_id=1492"},"modified":"2012-03-24T23:20:41","modified_gmt":"2012-03-25T02:20:41","slug":"relacoes-internacionais-3","status":"publish","type":"page","link":"http:\/\/www.rcub.com.br\/rcub\/quem-somos\/relacoes-internacionais-3\/","title":{"rendered":"Rela\u00e7\u00f5es Internacionais"},"content":{"rendered":"<p><a rel=\"lightbox[slb_1492]\" href=\"http:\/\/www.rcub.com.br\/rcub\/wp-content\/uploads\/2011\/07\/uwc2.jpg\"><img loading=\"lazy\" class=\"alignleft size-full wp-image-1510\" title=\"uwc\" src=\"http:\/\/www.rcub.com.br\/rcub\/wp-content\/uploads\/2011\/07\/uwc2.jpg\" alt=\"\" width=\"173\" height=\"112\" \/><\/a>H\u00e1 fora das fronteiras da Ucr\u00e2nia 20 milh\u00f5es de ucranianos e descendentes. Existem representa\u00e7\u00f5es nacionais em 33 pa\u00edses que est\u00e3o representados no <a href=\"http:\/\/www.ukrainianworldcongress.org\/\">Congresso Mundial dos Ucranianos<\/a>, com sede em Toronto, Canad\u00e1.<br \/>\nO Congresso Mundial dos Ucranianos \u00e9 intregante do Conselho Econ\u00f4mico e Social das Na\u00e7\u00f5es Unidas.<\/p>\n<p>Desde a Indpend\u00eancia da Ucr\u00e2nia em 1991 constitui-se o FORUM MUNDIAL DOS UCRANIANOS que reune representantes ucranianos residentes no pa\u00eds e o representantes dos ucranianos do mundo. O V FORUM Mundial dos Ucranianos realizar-se-\u00e1 dias 20 e 21 de agosto de 2011 em Kyiv. O <a href=\"http:\/\/www.uvkr.com.ua\/\">UVKR &#8211; \u0423\u041a\u0420\u0410\u0407\u041d\u0421\u042c\u041a\u0410 \u0412\u0421\u0415\u0421\u0412\u0406\u0422\u041d\u042f \u041a\u041e\u041e\u0420\u0414\u0418\u041d\u0410\u0426\u0406\u0419\u041d\u0410 \u0420\u0410\u0414\u0410<\/a> &#8211; UKRAINIAN WORLD COORDINATING  COUNSIL- CONSELHO MUNDIAL DE COORDENA\u00c7\u00c3O DOS UCRANIANOS elege uma Diretoria e coordena os congressos.<a rel=\"lightbox[slb_1492]\" href=\"http:\/\/www.rcub.com.br\/rcub\/wp-content\/uploads\/2011\/07\/destino1.gif\"><img loading=\"lazy\" class=\"aligncenter size-full wp-image-1622\" title=\"destino\" src=\"http:\/\/www.rcub.com.br\/rcub\/wp-content\/uploads\/2011\/07\/destino1.gif\" alt=\"\" width=\"650\" height=\"410\" srcset=\"http:\/\/www.rcub.com.br\/rcub\/wp-content\/uploads\/2011\/07\/destino1.gif 650w, http:\/\/www.rcub.com.br\/rcub\/wp-content\/uploads\/2011\/07\/destino1-300x189.gif 300w, http:\/\/www.rcub.com.br\/rcub\/wp-content\/uploads\/2011\/07\/destino1-610x384.gif 610w\" sizes=\"(max-width: 650px) 100vw, 650px\" \/><\/a> Na Am\u00e9rica do Sul nos temos em n\u00fameros expressivos ucranianos no Brasil, Argentina e Paraguai.<\/p>\n<p>Nos \u00faltimos anos foram realizados quatro encontros.<\/p>\n<p><img loading=\"lazy\" class=\"size-full wp-image-1629 alignleft\" style=\"border-style: initial; border-color: initial;\" title=\"20050511_Encuentro_Sudamericano_06\" src=\"http:\/\/www.rcub.com.br\/rcub\/wp-content\/uploads\/2011\/07\/20050511_Encuentro_Sudamericano_06.jpg\" alt=\"\" width=\"200\" height=\"150\" \/><\/p>\n<p>&nbsp;<\/p>\n<p>&nbsp;<\/p>\n<p>&nbsp;<\/p>\n<p>&nbsp;<\/p>\n<p>&nbsp;<\/p>\n<p>A comunidade ucraniana em Portugal \u00e9 recente e numerosa. <a href=\"http:\/\/sobor.colocall.com\/pt\">Saber mais..<\/a><\/p>\n","protected":false},"excerpt":{"rendered":"<p>H\u00e1 fora das fronteiras da Ucr\u00e2nia 20 milh\u00f5es de ucranianos e descendentes. Existem representa\u00e7\u00f5es nacionais em 33 pa\u00edses que est\u00e3o representados no Congresso Mundial dos Ucranianos, com sede em Toronto, [&hellip;]<\/p>\n","protected":false},"author":1,"featured_media":0,"parent":565,"menu_order":0,"comment_status":"closed","ping_status":"closed","template":"","meta":[],"_links":{"self":[{"href":"http:\/\/www.rcub.com.br\/rcub\/wp-json\/wp\/v2\/pages\/1492"}],"collection":[{"href":"http:\/\/www.rcub.com.br\/rcub\/wp-json\/wp\/v2\/pages"}],"about":[{"href":"http:\/\/www.rcub.com.br\/rcub\/wp-json\/wp\/v2\/types\/page"}],"author":[{"embeddable":true,"href":"http:\/\/www.rcub.com.br\/rcub\/wp-json\/wp\/v2\/users\/1"}],"replies":[{"embeddable":true,"href":"http:\/\/www.rcub.com.br\/rcub\/wp-json\/wp\/v2\/comments?post=1492"}],"version-history":[{"count":26,"href":"http:\/\/www.rcub.com.br\/rcub\/wp-json\/wp\/v2\/pages\/1492\/revisions"}],"predecessor-version":[{"id":1497,"href":"http:\/\/www.rcub.com.br\/rcub\/wp-json\/wp\/v2\/pages\/1492\/revisions\/1497"}],"up":[{"embeddable":true,"href":"http:\/\/www.rcub.com.br\/rcub\/wp-json\/wp\/v2\/pages\/565"}],"wp:attachment":[{"href":"http:\/\/www.rcub.com.br\/rcub\/wp-json\/wp\/v2\/media?parent=1492"}],"curies":[{"name":"wp","href":"https:\/\/api.w.org\/{rel}","templated":true}]}}